{"id":182,"date":"2019-01-02T22:33:32","date_gmt":"2019-01-02T21:33:32","guid":{"rendered":"http:\/\/cbd-achat.ch\/?post_type=product&#038;p=182"},"modified":"2019-01-02T23:18:27","modified_gmt":"2019-01-02T22:18:27","slug":"mango-haze","status":"publish","type":"product","link":"https:\/\/www.cbd-achat.ch\/es\/produit\/mango-haze\/","title":{"rendered":"Mango Haze"},"content":{"rendered":"<div id=\"product-description-short-1\" itemprop=\"description\" class=\"rte-content\">\n<div id=\"product-description-short-3\" itemprop=\"description\" class=\"rte-content\">CBD 12 &#8211; 22% \/ THC 0.3 &#8211; 0,5% \/ CBG 0.9%<\/div>\n<div class=\"product-actions\">\n<form action=\"https:\/\/cbd420.ch\/fr\/panier\" method=\"post\" id=\"add-to-cart-or-refresh\">\n<div class=\"product-variants\">\n<div class=\"clearfix product-variants-item\">\n<div id=\"product-description-short-25\" itemprop=\"description\" class=\"rte-content\">\n<p>La Mango Haze est une vari\u00e9t\u00e9 CBD avec un ar\u00f4me tr\u00e8s \u00e9labor\u00e9 et propos\u00e9e exclusivement chez CBD420. Cette herbe pr\u00e9sente un manteau r\u00e9sineux homog\u00e8ne et g\u00e9n\u00e9reux suivis par un toucher collant et consistant.<\/p>\n<p>Connue pour son caract\u00e8re dominant de mangue fruit\u00e9e la Mango Haze poss\u00e8de aussi le parfum bois\u00e9 caract\u00e9ristique des meilleures Sativas. R\u00e9put\u00e9e chez les amateurs d\u2019herbe de CBD elle r\u00e9v\u00e8le de subtiles notes printani\u00e8res de bergamote et de camomille.<\/p>\n<p>Pour beaucoup la Mango Haze c\u2019est une petite douceur et un moment de calme apr\u00e8s des journ\u00e9es agit\u00e9es. C\u2019est surtout l\u2019herbe id\u00e9ale pour les fins de soir\u00e9es, elle se combine tr\u00e8s bien avec les desserts, s\u2019appr\u00e9cie bien avec un th\u00e9 parfum\u00e9 ou une p\u00e2tisserie.<\/p>\n<\/div>\n<div class=\"product-actions\">\n<div class=\"product-variants\">\n<div class=\"clearfix product-variants-item\"><\/div>\n<\/div>\n<\/div>\n<\/div>\n<\/div>\n<\/form>\n<\/div>\n<\/div>\n","protected":false},"excerpt":{"rendered":"<p>CBD 12 &#8211; 22% \/ THC 0.3 &#8211; 0,5% \/ CBG 0.9% La Mango Haze est une vari\u00e9t\u00e9 CBD avec un ar\u00f4me tr\u00e8s \u00e9labor\u00e9 et propos\u00e9e exclusivement chez CBD420. Cette herbe pr\u00e9sente un manteau r\u00e9sineux homog\u00e8ne et g\u00e9n\u00e9reux suivis par un toucher collant et consistant. Connue pour son caract\u00e8re dominant [&hellip;]<\/p>\n","protected":false},"featured_media":188,"comment_status":"open","ping_status":"closed","template":"","meta":[],"product_cat":[20,21],"product_tag":[],"_links":{"self":[{"href":"https:\/\/www.cbd-achat.ch\/es\/wp-json\/wp\/v2\/product\/182"}],"collection":[{"href":"https:\/\/www.cbd-achat.ch\/es\/wp-json\/wp\/v2\/product"}],"about":[{"href":"https:\/\/www.cbd-achat.ch\/es\/wp-json\/wp\/v2\/types\/product"}],"replies":[{"embeddable":true,"href":"https:\/\/www.cbd-achat.ch\/es\/wp-json\/wp\/v2\/comments?post=182"}],"wp:featuredmedia":[{"embeddable":true,"href":"https:\/\/www.cbd-achat.ch\/es\/wp-json\/wp\/v2\/media\/188"}],"wp:attachment":[{"href":"https:\/\/www.cbd-achat.ch\/es\/wp-json\/wp\/v2\/media?parent=182"}],"wp:term":[{"taxonomy":"product_cat","embeddable":true,"href":"https:\/\/www.cbd-achat.ch\/es\/wp-json\/wp\/v2\/product_cat?post=182"},{"taxonomy":"product_tag","embeddable":true,"href":"https:\/\/www.cbd-achat.ch\/es\/wp-json\/wp\/v2\/product_tag?post=182"}],"curies":[{"name":"wp","href":"https:\/\/api.w.org\/{rel}","templated":true}]}}