{"id":249,"date":"2019-01-29T22:15:20","date_gmt":"2019-01-29T21:15:20","guid":{"rendered":"http:\/\/cbd-achat.ch\/?post_type=product&#038;p=249"},"modified":"2021-01-01T12:26:44","modified_gmt":"2021-01-01T11:26:44","slug":"e-liquid-cbd-cereales-gourmandes","status":"publish","type":"product","link":"https:\/\/www.cbd-achat.ch\/es\/produit\/e-liquid-cbd-cereales-gourmandes\/","title":{"rendered":"E-Liquid CBD &#8211; C\u00e9r\u00e9ales Gourmandes"},"content":{"rendered":"<div id=\"product-description-short-170\" itemprop=\"description\" class=\"rte-content\">\n<div id=\"product-description-short-61\" itemprop=\"description\" class=\"rte-content\">\n<div class=\"product_header_container clearfix\">\n<div class=\"product-prices\">\n<div class=\"tax-shipping-delivery-label text-muted\">\n<div id=\"product-description-short-120\" itemprop=\"description\" class=\"rte-content\">\n<p>Un e-liquide contenant entre 100mg et 300mg de CBD pour 10ml en fonction de la variante choisi.<\/p>\n<p><strong>Saveur gourmande par excellente, nous avons le plaisir de vous proposer notre e-liquide au CBD saveur &#8220;C\u00e9r\u00e9ales gourmandes&#8221;. Il s&#8217;agit ici d&#8217;un parfait m\u00e9lange gourmand aux notes douces et sucr\u00e9es qui vous rappellerons le go\u00fbt de popcorn sucr\u00e9s encore chauds.<\/strong><\/p>\n<p>Les flacons CBD420 sont en verre afin de garantir une conservation optimum du cannabidiol (CBD) contenant dans le e-liquide.<\/p>\n<p><strong>D\u00e9gustation<\/strong><\/p>\n<p>Bien secouer le flacon avant utilisation et ne pas h\u00e9siter \u00e0 laisser steeper (s&#8217;a\u00e9rer) votre e-liquide quelques heures avant de le consommer, cela d\u00e9veloppera sa saveur.<\/p>\n<p><strong>Conservation<\/strong><\/p>\n<p>La lumi\u00e8re pouvant n\u00e9anmoins alt\u00e9rer le CBD, nous vous recommandons de conserver vos flacons bien ferm\u00e9s dans leur emballage d&#8217;origine \u00e0 l&#8217;abris de la lumi\u00e8re.<\/p>\n<\/div>\n<div class=\"product-actions\">\n<form action=\"https:\/\/cbd420.ch\/fr\/panier\" method=\"post\" id=\"add-to-cart-or-refresh\">\n<div class=\"product-variants\">\n<div class=\"clearfix product-variants-item\"><span class=\"form-control-label\">Concentration en CBD<\/span><\/div>\n<\/div>\n<\/form>\n<\/div>\n<\/div>\n<\/div>\n<\/div>\n<\/div>\n<\/div>\n<div class=\"product-actions\">\n<form action=\"https:\/\/cbd420.ch\/fr\/panier\" method=\"post\" id=\"add-to-cart-or-refresh\">\n<div class=\"product-add-to-cart pt-3\">\n<div class=\"row extra-small-gutters product-quantity\">\n<div class=\"col col-12 col-sm-auto\">\n<div class=\"qty\">\n<div class=\"input-group bootstrap-touchspin\"><\/div>\n<\/div>\n<\/div>\n<\/div>\n<\/div>\n<\/form>\n<\/div>\n","protected":false},"excerpt":{"rendered":"<p>Un e-liquide contenant entre 100mg et 300mg de CBD pour 10ml en fonction de la variante choisi. Saveur gourmande par excellente, nous avons le plaisir de vous proposer notre e-liquide au CBD saveur &#8220;C\u00e9r\u00e9ales gourmandes&#8221;. Il s&#8217;agit ici d&#8217;un parfait m\u00e9lange gourmand aux notes douces et sucr\u00e9es qui vous rappellerons [&hellip;]<\/p>\n","protected":false},"featured_media":253,"comment_status":"open","ping_status":"closed","template":"","meta":[],"product_cat":[29,28],"product_tag":[],"_links":{"self":[{"href":"https:\/\/www.cbd-achat.ch\/es\/wp-json\/wp\/v2\/product\/249"}],"collection":[{"href":"https:\/\/www.cbd-achat.ch\/es\/wp-json\/wp\/v2\/product"}],"about":[{"href":"https:\/\/www.cbd-achat.ch\/es\/wp-json\/wp\/v2\/types\/product"}],"replies":[{"embeddable":true,"href":"https:\/\/www.cbd-achat.ch\/es\/wp-json\/wp\/v2\/comments?post=249"}],"wp:featuredmedia":[{"embeddable":true,"href":"https:\/\/www.cbd-achat.ch\/es\/wp-json\/wp\/v2\/media\/253"}],"wp:attachment":[{"href":"https:\/\/www.cbd-achat.ch\/es\/wp-json\/wp\/v2\/media?parent=249"}],"wp:term":[{"taxonomy":"product_cat","embeddable":true,"href":"https:\/\/www.cbd-achat.ch\/es\/wp-json\/wp\/v2\/product_cat?post=249"},{"taxonomy":"product_tag","embeddable":true,"href":"https:\/\/www.cbd-achat.ch\/es\/wp-json\/wp\/v2\/product_tag?post=249"}],"curies":[{"name":"wp","href":"https:\/\/api.w.org\/{rel}","templated":true}]}}