{"id":4131,"date":"2016-06-04T12:10:55","date_gmt":"2016-06-04T10:10:55","guid":{"rendered":"https:\/\/www.cbd-achat.ch\/produit\/terra-flores\/"},"modified":"2016-06-04T12:10:55","modified_gmt":"2016-06-04T10:10:55","slug":"terra-flores","status":"publish","type":"product","link":"https:\/\/www.cbd-achat.ch\/es\/produit\/terra-flores\/","title":{"rendered":"Terra flores"},"content":{"rendered":"<h1 class=\"title\" id=\"page-title\">CANNA Terra Flores<\/h1>\n<div class=\"region region-content\">\n<div id=\"block-system-main\" class=\"block block-system\">\n<div class=\"content\">\n<div id=\"node-11\" class=\"node node-node-product product-line-terra clearfix\">\n<div class=\"content clearfix\">\n<div class=\"field field-name-body field-type-text-with-summary field-label-hidden\">\n<div class=\"field-items\">\n<div class=\"field-item even\">\n<div class=\"introduction\">CANNA Terra Flores est un engrais professionnel complet qui permet de subvenir aux besoins de la plante pendant la phase de floraison. Il est sp\u00e9cialement con\u00e7u pour la culture en pot et les\u00a0<a class=\"glossary-link\" href=\"http:\/\/www.canna.fr\/glossary#potting-mix\">m\u00e9langes de rempotage<\/a>. Terra Flores stimule la\u00a0<a class=\"glossary-link\" href=\"http:\/\/www.canna.fr\/glossary#fructification\">fructification<\/a>et donne \u00e0 chaque vari\u00e9t\u00e9 son go\u00fbt caract\u00e9ristique. Il peut \u00eatre utilis\u00e9 pour la culture en int\u00e9rieur ou en ext\u00e9rieur.<\/div>\n<h2>Avantages de CANNA Terra Flores<\/h2>\n<ul>\n<li>Facile \u00e0 utiliser, Terra Flores se dissout imm\u00e9diatement.<\/li>\n<li>Terra Flores emp\u00eache tout effet liant entre les ions nutritifs. La disponibilit\u00e9 et la composition des \u00e9l\u00e9ments nutritifs jouent un r\u00f4le crucial durant la p\u00e9riode de floraison de la plante.<\/li>\n<li>Il favorise la formation des fruits et contient tous les \u00e9l\u00e9ments nutritifs dont la plante a besoin durant la phase de floraison.<\/li>\n<li>Riche en\u00a0<a class=\"glossary-link\" href=\"http:\/\/www.canna.fr\/glossary#trace-element\">oligo\u00e9l\u00e9ments<\/a>\u00a0<a class=\"glossary-link\" href=\"http:\/\/www.canna.fr\/glossary#chelate\">ch\u00e9lates<\/a>, pr\u00e9sents sous une forme directement absorbable qui garanti une floraison abondante.<\/li>\n<\/ul>\n<\/div><\/div><\/div>\n<div class=\"field field-name-field-image field-type-form-list field-label-hidden\">\n<div class=\"field-items\">\n<div class=\"field-item even\"><\/div><\/div><\/div><\/div>\n<div class=\"directions-wrapper\">\n<h2 class=\"toggle-trigger active\"><a href=\"http:\/\/www.canna.fr\/terra_flores#\">Mode d&#8217;emploi<\/a><\/h2>\n<div class=\"content toggle-container\">\n<p>Le Terra Flores est un engrais professionnel et rapide pour les plantes \u00e0 croissance rapide qui contient tous les nutriments n\u00e9cessaires pour une floraison optimale. Le Terra Flores stimule la fructification, augmente la force et donne un go\u00fbt bien particulier \u00e0 chaque sorte. Le Terra Flores est facile \u00e0 utiliser, se dissout imm\u00e9diatement et convient en outre particuli\u00e8rement aux syst\u00e8mes automatiques d\u2019irrigation. Le Terra Flores peut \u00eatre utilis\u00e9 pour la culture en int\u00e9rieur ou en ext\u00e9rieur.<\/p>\n<h4>Mode d\u2019emploi<\/h4>\n<ul>\n<li>Bien agiter la bouteille avant utilisation<\/li>\n<li>Remplir le r\u00e9servoir de fertilisation avec de l\u00b4eau<\/li>\n<li>Diluer 500 ml de concentr\u00e9 d\u2019engrais dans 100 litres d\u2019eau (1:200)<\/li>\n<li>La EC de la Terra Flores dissoute dans l\u2019eau est alors situ\u00e9e entre le 0.9 &#8211; 1.6 mS (= EC de la solution + EC de l\u2019eau du robinet)<\/li>\n<li>pH recommand\u00e9: 5.8 &#8211; 6.2<\/li>\n<li>Alimentez r\u00e9guli\u00e8rement la plante avec cette solution durant une croissance intensive. Pour les sols moins fertiles, administrez la solution tous les jours avec l\u2019eau d\u2019arrosage. Pour les sols fertiles, administrez la solution 1 \u00e0 3 fois par semaine avec l\u2019eau d\u2019arrosage.<\/li>\n<li>Utilisez un sol calcaire bien a\u00e9r\u00e9, tel que le CANNA Terra Professional (Plus) et administrez tous les jours de l\u2019eau suivant les besoins.<\/li>\n<\/ul>\n<h4>Autres indications<\/h4>\n<ul>\n<li>CANNA a sp\u00e9cialement d\u00e9velopp\u00e9 des engrais pour la phase de croissance et la phase de floraison de la plante. Le Terra Vega<\/li>\n<li>A conserver \u00e0 l\u2019abri du gel, dans un endroit ferm\u00e9 et sombre (Les rayons ultra-violets (soleil) d\u00e9composent les ch\u00e9lates le nutriment)<\/li>\n<li>\u00c0 conserver hors de la port\u00e9e des enfants<\/li>\n<\/ul>\n<h4>Garanties<\/h4>\n<p>CANNA ne travaille qu\u2019avec des \u00e9l\u00e9ments nutritifs et des ch\u00e9lates de haute qualit\u00e9 qui sont directement et enti\u00e8rement absorbables par la plante. Le flacon de dosage est fabriqu\u00e9 \u00e0 partir de 100% de poly\u00e9thyl\u00e8ne (PVC, sans cadmium), une mati\u00e8re synth\u00e9tique biod\u00e9gradable, qui est en outre recyclable.<\/p>\n<\/p><\/div><\/div><\/div><\/div><\/div><\/div>\n","protected":false},"excerpt":{"rendered":"<h1 class=\"title\" id=\"page-title\">CANNA Terra Flores<\/h1>\n<div class=\"region region-content\">\n<div id=\"block-system-main\" class=\"block block-system\">\n<div class=\"content\">\n<div id=\"node-11\" class=\"node node-node-product product-line-terra clearfix\">\n<div class=\"content clearfix\">\n<div class=\"field field-name-body field-type-text-with-summary field-label-hidden\">\n<div class=\"field-items\">\n<div class=\"field-item even\">\n<div class=\"introduction\">CANNA Terra Flores est un engrais professionnel complet qui permet de subvenir aux besoins de la plante pendant la phase de floraison. Il est sp\u00e9cialement con\u00e7u pour la culture en pot et les\u00a0<a class=\"glossary-link\" href=\"http:\/\/www.canna.fr\/glossary#potting-mix\">m\u00e9langes de rempotage<\/a>. Terra Flores stimule la\u00a0<a class=\"glossary-link\" href=\"http:\/\/www.canna.fr\/glossary#fructification\">fructification<\/a>et donne \u00e0 chaque vari\u00e9t\u00e9 son go\u00fbt caract\u00e9ristique.\u00a0<\/div>\n<\/p><\/div>\n<\/p><\/div>\n<\/p><\/div>\n<\/p><\/div>\n<\/p><\/div>\n<\/p><\/div>\n<\/p><\/div>\n<\/p><\/div>\n","protected":false},"featured_media":4130,"comment_status":"open","ping_status":"closed","template":"","meta":[],"product_cat":[45,162],"product_tag":[533,531,560,526,528,522,523,525,524,563,532,521,534,527,564,529,530],"_links":{"self":[{"href":"https:\/\/www.cbd-achat.ch\/es\/wp-json\/wp\/v2\/product\/4131"}],"collection":[{"href":"https:\/\/www.cbd-achat.ch\/es\/wp-json\/wp\/v2\/product"}],"about":[{"href":"https:\/\/www.cbd-achat.ch\/es\/wp-json\/wp\/v2\/types\/product"}],"replies":[{"embeddable":true,"href":"https:\/\/www.cbd-achat.ch\/es\/wp-json\/wp\/v2\/comments?post=4131"}],"wp:featuredmedia":[{"embeddable":true,"href":"https:\/\/www.cbd-achat.ch\/es\/wp-json\/wp\/v2\/media\/4130"}],"wp:attachment":[{"href":"https:\/\/www.cbd-achat.ch\/es\/wp-json\/wp\/v2\/media?parent=4131"}],"wp:term":[{"taxonomy":"product_cat","embeddable":true,"href":"https:\/\/www.cbd-achat.ch\/es\/wp-json\/wp\/v2\/product_cat?post=4131"},{"taxonomy":"product_tag","embeddable":true,"href":"https:\/\/www.cbd-achat.ch\/es\/wp-json\/wp\/v2\/product_tag?post=4131"}],"curies":[{"name":"wp","href":"https:\/\/api.w.org\/{rel}","templated":true}]}}