{"id":4181,"date":"2016-06-14T12:58:54","date_gmt":"2016-06-14T10:58:54","guid":{"rendered":"https:\/\/www.cbd-achat.ch\/produit\/coco-a-b\/"},"modified":"2021-05-05T02:23:44","modified_gmt":"2021-05-05T00:23:44","slug":"coco-a-b","status":"publish","type":"product","link":"https:\/\/www.cbd-achat.ch\/es\/produit\/coco-a-b\/","title":{"rendered":"Coco A &#038; B"},"content":{"rendered":"<h1 class=\"title\" id=\"page-title\">CANNA Coco A &amp; B<\/h1>\n<div class=\"region region-content\">\n<div id=\"block-system-main\" class=\"block block-system\">\n<div class=\"content\">\n<div id=\"node-18\" class=\"node node-node-product product-line-coco clearfix\">\n<div class=\"content clearfix\">\n<div class=\"field field-name-body field-type-text-with-summary field-label-hidden\">\n<div class=\"field-items\">\n<div class=\"field-item even\">\n<div class=\"introduction\">CANNA Coco A &amp; B est une gamme compl\u00e8te d\u2019engrais professionnels pour la culture des plantes sur coco. Elle contient tous les \u00e9l\u00e9ments essentiels pour une croissance et une floraison optimales.<\/div>\n<p>En raison des caract\u00e9ristiques uniques du\u00a0<a class=\"glossary-link\" href=\"http:\/\/www.canna.fr\/glossary#substrate\">substrat<\/a>\u00a0de CANNA COCO , il n\u2019y a pas de variante Vega ou Flores pour cet engrais. En revanche, sa formulation exclusive est adapt\u00e9e \u00e0 la fois \u00e0 la phase de croissance et de floraison. Impossible de faire plus simple\u00a0! CANNA COCO est facile \u00e0 utiliser, se dissout directement et convient \u00e0 merveille \u00e0 toute culture b\u00e9n\u00e9ficiant d&#8217;un syst\u00e8me d&#8217;arrosage, par exemple, les syst\u00e8mes d\u2019irrigation \u00e0 circuit ouvert (<a class=\"glossary-link\" href=\"http:\/\/www.canna.fr\/glossary#growing-phase\">run-to-waste<\/a>), les syst\u00e8mes de subirrigation et les syst\u00e8mes de\u00a0<a class=\"glossary-link\" href=\"http:\/\/www.canna.fr\/glossary#ebb-and-flow\">flux et reflux<\/a>\u00a0.<\/p>\n<h2>Riche en \u00e9l\u00e9ments de grande qualit\u00e9<\/h2>\n<p>Au terme d&#8217;ann\u00e9es de recherches sur les\u00a0<a class=\"glossary-link\" href=\"http:\/\/www.canna.fr\/glossary#potting-mix\">terreaux de rempotage<\/a>, impliquant le<a class=\"glossary-link\" href=\"http:\/\/www.canna.fr\/glossary#drainage\">drainage<\/a>\u00a0et l&#8217;analyse des feuilles, CANNA a \u00e9t\u00e9 le premier \u00e0 concevoir un engrais prenant en compte les caract\u00e9ristiques des substrats de coco. CANNA COCO se compose de\u00a0<a class=\"glossary-link\" href=\"http:\/\/www.canna.fr\/glossary#mineral\">min\u00e9raux<\/a>\u00a0de grande qualit\u00e9. Il contient des ch\u00e9lates naturels, ainsi que\u00a0<a class=\"glossary-link\" href=\"http:\/\/www.canna.fr\/glossary#humic-and-fulvic-acids\">des acides humiques et des acides fulviques<\/a>\u00a0qui assurent une\u00a0<a class=\"glossary-link\" href=\"http:\/\/www.canna.fr\/glossary#absorption\">absorption<\/a>\u00a0des nutriments optimale de la plante. Les cultivateurs du monde entier t\u00e9moignent d&#8217;un enthousiasme sans faille depuis des ann\u00e9es concernant la croissance et la floraison profuse gr\u00e2ce \u00e0 CANNA COCO.<\/p>\n<h2>Pourquoi l&#8217;engrais contient-il des nutriments A et B\u00a0?<\/h2>\n<p>CANNA COCO contient deux concentr\u00e9s : A et B. Ces deux nutriments sont s\u00e9par\u00e9s express\u00e9ment. En effet, dans le cas contraire il se formerait des combinaisons insolubles qui ne pourraient pas \u00eatre absorb\u00e9es par les plantes. C&#8217;est la raison pour laquelle\u00a0<strong>vous devez d&#8217;abord ajouter le concentr\u00e9 A, puis le concentr\u00e9 B<\/strong>!<\/p>\n<\/p><\/div><\/div><\/div>\n<div class=\"field field-name-field-image field-type-form-list field-label-hidden\">\n<div class=\"field-items\">\n<div class=\"field-item even\"><\/div><\/div><\/div><\/div>\n<div class=\"directions-wrapper\">\n<h2 class=\"toggle-trigger active\"><a href=\"http:\/\/www.canna.fr\/coco_a_b#\">Mode d&#8217;emploi<\/a><\/h2>\n<div class=\"content toggle-container\">\n<p>Le Coco est un engrais professionnel et rapide pour les plantes \u00e0 croissance rapide qui contient tous les nutriments n\u00e9cessaires \u00e0 un d\u00e9veloppement et une maturation optimale de la plante. Le Coco combin\u00e9 aux pains de substrat Coco (tels que CANNA Coco) est facile \u00e0 utiliser, se dissout directement et convient \u00e0 merveille \u00e0 la culture en pots ou pour tout syst\u00e8me automatique d\u2019irrigation \u2018run to waste\u2019.<\/p>\n<h4>Mode d\u2019emploi<\/h4>\n<ul>\n<li>Bien agiter la bouteille avant utilisation<\/li>\n<li>Remplir le r\u00e9servoir de fertilisation avec de l\u00b4eau<\/li>\n<li>Ajoutez le Coco suivant la proportion de 1:250 (400 ml A et 400 ml B par 100 litres) de la mani\u00e8re suivante au r\u00e9servoir de nutriment: Ajoutez le Coco A au r\u00e9servoir de fertilisation Bien m\u00e9langer et ajouter ensuite du Coco B Ensuite, bien m\u00e9langer une fois de plus et laisser reposer la solution durant quelques heures<\/li>\n<li>L\u2019EC du Coco dissout dans l\u2019eau est alors situ\u00e9e entre le 1,2 &#8211; 2,3 mS (= EC de la solution + EC de l\u2019eau du robinet)<\/li>\n<li>pH recommand\u00e9: 5.5 &#8211; 6.2<\/li>\n<li>Durant une croissance intensive, alimentez la plante 1-3 fois par jour avec cette solution nutritive et vous assurez que le drainage soit situ\u00e9 entre 10 et 20%. En g\u00e9n\u00e9ral, ceci signifie 3-6 litres de nutriment par m\u00b2 par jour<\/li>\n<\/ul>\n<h4>Autres indications<\/h4>\n<ul>\n<li>Contrairement aux autres nutriments (de CANNA), le nutriment CANNA Coco peut \u00eatre utilis\u00e9 aussi bien pendant la phase de croissance que de floraison.<\/li>\n<li>Ne JAMAIS m\u00e9langer les concentr\u00e9s A et B \u00e0 l\u2019\u00e9tat pur. Il se formeront alors des combinaisons insolubles qui ne pourront pas \u00eatre absorb\u00e9es par la plante<\/li>\n<li>A conserver \u00e0 l\u2019abri du gel, dans un endroit ferm\u00e9 et sombre (Les rayons ultra-violets (soleil) d\u00e9composent les ch\u00e9lates le nutriment)<\/li>\n<li>\u00c0 conserver hors de la port\u00e9e des enfants<\/li>\n<\/ul>\n<h4>Garanties<\/h4>\n<p>CANNA ne travaille qu\u2019avec des \u00e9l\u00e9ments nutritifs et des ch\u00e9lates de haute qualit\u00e9 qui sont directement et enti\u00e8rement absorbables par la plante. Le flacon de dosage est fabriqu\u00e9 \u00e0 partir de 100% de poly\u00e9thyl\u00e8ne (PVC, sans cadmium), une mati\u00e8re synth\u00e9tique biod\u00e9gradable, qui est en outre recyclable.<\/p>\n<\/p><\/div><\/div><\/div><\/div><\/div><\/div>\n","protected":false},"excerpt":{"rendered":"<h1 class=\"title\" id=\"page-title\">CANNA Coco A &amp; B<\/h1>\n<div class=\"region region-content\">\n<div id=\"block-system-main\" class=\"block block-system\">\n<div class=\"content\">\n<div id=\"node-18\" class=\"node node-node-product product-line-coco clearfix\">\n<div class=\"content clearfix\">\n<div class=\"field field-name-body field-type-text-with-summary field-label-hidden\">\n<div class=\"field-items\">\n<div class=\"field-item even\">\n<div class=\"introduction\">CANNA Coco A &amp; B est une gamme compl\u00e8te d\u2019engrais professionnels pour la culture des plantes sur coco. Elle contient tous les \u00e9l\u00e9ments essentiels pour une croissance et une floraison optimales.<\/div>\n<\/p><\/div>\n<\/p><\/div>\n<\/p><\/div>\n<\/p><\/div>\n<\/p><\/div>\n<\/p><\/div>\n<\/p><\/div>\n<\/p><\/div>\n","protected":false},"featured_media":4180,"comment_status":"open","ping_status":"closed","template":"","meta":[],"product_cat":[205],"product_tag":[533,531,560,526,528,522,580,523,525,524,532,521,534,527,529,530],"_links":{"self":[{"href":"https:\/\/www.cbd-achat.ch\/es\/wp-json\/wp\/v2\/product\/4181"}],"collection":[{"href":"https:\/\/www.cbd-achat.ch\/es\/wp-json\/wp\/v2\/product"}],"about":[{"href":"https:\/\/www.cbd-achat.ch\/es\/wp-json\/wp\/v2\/types\/product"}],"replies":[{"embeddable":true,"href":"https:\/\/www.cbd-achat.ch\/es\/wp-json\/wp\/v2\/comments?post=4181"}],"wp:featuredmedia":[{"embeddable":true,"href":"https:\/\/www.cbd-achat.ch\/es\/wp-json\/wp\/v2\/media\/4180"}],"wp:attachment":[{"href":"https:\/\/www.cbd-achat.ch\/es\/wp-json\/wp\/v2\/media?parent=4181"}],"wp:term":[{"taxonomy":"product_cat","embeddable":true,"href":"https:\/\/www.cbd-achat.ch\/es\/wp-json\/wp\/v2\/product_cat?post=4181"},{"taxonomy":"product_tag","embeddable":true,"href":"https:\/\/www.cbd-achat.ch\/es\/wp-json\/wp\/v2\/product_tag?post=4181"}],"curies":[{"name":"wp","href":"https:\/\/api.w.org\/{rel}","templated":true}]}}