{"id":4240,"date":"2016-06-14T14:38:13","date_gmt":"2016-06-14T12:38:13","guid":{"rendered":"https:\/\/www.cbd-achat.ch\/produit\/root-stimulator\/"},"modified":"2016-06-14T14:38:13","modified_gmt":"2016-06-14T12:38:13","slug":"root-stimulator","status":"publish","type":"product","link":"https:\/\/www.cbd-achat.ch\/es\/produit\/root-stimulator\/","title":{"rendered":"Root stimulator"},"content":{"rendered":"<h1 class=\"product_title entry-title\">B\u2019cuzz Root Stimulator<\/h1>\n<div><\/div>\n<div>\n<p>Supporte la formation des racines et la r\u00e9sistance de votre r\u00e9colte. Id\u00e9alement utilisable pour les boutures pr\u00e9-enracin\u00e9es.<\/p>\n<p><span>Application:<\/span>\u00a0Quotidiennement ajoutez \u00e0 l\u2019eau d\u2019arrosage pour la plante dans les 2 premi\u00e8res semaines. Remplacez ensuite par B\u2019cuzz Booster. (Terre, Hydro et Coco)<\/p>\n<p><span>Dosage:<\/span>\u00a0(1: 1000): 1 ml par litre de solution nutritive.<\/p>\n<p><span>Disponible en:<\/span>\u00a0100ml, 250ml, 500ml, 1 litre et 5 litres.<\/p>\n<\/p><\/div>\n","protected":false},"excerpt":{"rendered":"<h1 class=\"product_title entry-title\">B\u2019cuzz Root Stimulator<\/h1>\n<div>Supporte la formation des racines et la r\u00e9sistance de votre r\u00e9colte. Id\u00e9alement utilisable pour les boutures pr\u00e9-enracin\u00e9es.<\/div>\n","protected":false},"featured_media":4239,"comment_status":"open","ping_status":"closed","template":"","meta":[],"product_cat":[180],"product_tag":[592,589,533,531,526,528,522,523,525,524,532,521,534,595,527,529,530],"_links":{"self":[{"href":"https:\/\/www.cbd-achat.ch\/es\/wp-json\/wp\/v2\/product\/4240"}],"collection":[{"href":"https:\/\/www.cbd-achat.ch\/es\/wp-json\/wp\/v2\/product"}],"about":[{"href":"https:\/\/www.cbd-achat.ch\/es\/wp-json\/wp\/v2\/types\/product"}],"replies":[{"embeddable":true,"href":"https:\/\/www.cbd-achat.ch\/es\/wp-json\/wp\/v2\/comments?post=4240"}],"wp:featuredmedia":[{"embeddable":true,"href":"https:\/\/www.cbd-achat.ch\/es\/wp-json\/wp\/v2\/media\/4239"}],"wp:attachment":[{"href":"https:\/\/www.cbd-achat.ch\/es\/wp-json\/wp\/v2\/media?parent=4240"}],"wp:term":[{"taxonomy":"product_cat","embeddable":true,"href":"https:\/\/www.cbd-achat.ch\/es\/wp-json\/wp\/v2\/product_cat?post=4240"},{"taxonomy":"product_tag","embeddable":true,"href":"https:\/\/www.cbd-achat.ch\/es\/wp-json\/wp\/v2\/product_tag?post=4240"}],"curies":[{"name":"wp","href":"https:\/\/api.w.org\/{rel}","templated":true}]}}