{"id":4265,"date":"2016-06-14T14:57:32","date_gmt":"2016-06-14T12:57:32","guid":{"rendered":"https:\/\/www.cbd-achat.ch\/produit\/coco-booster-universal\/"},"modified":"2016-06-14T14:57:32","modified_gmt":"2016-06-14T12:57:32","slug":"coco-booster-universal","status":"publish","type":"product","link":"https:\/\/www.cbd-achat.ch\/es\/produit\/coco-booster-universal\/","title":{"rendered":"Coco booster universal"},"content":{"rendered":"<h1 class=\"product_title entry-title\">B\u2019cuzz Coco Booster Universal<\/h1>\n<div><\/div>\n<div>\n<p>Donne un coup de pouce naturel \u00e0 la culture pendant la p\u00e9riode de croissance et de floraison. Il contient tous les composants pour le cycle de l\u2019acide citrique. Sp\u00e9cialement d\u00e9velopp\u00e9 pour la culture sur coco.<\/p>\n<p><span>Application:<\/span>\u00a0ajoutez quotidiennement \u00e0 l\u2019eau d\u2019arrosage pour la plante pendant la phase de croissance. Pour un effet optimal, utilisez en combinaison avec B\u2019cuzz Coco Bloom Stimulator.<\/p>\n<p><span>Dosage:<\/span>\u00a00,1 \u00e0 0,5 ml par litre de solution nutritive.<\/p>\n<p><span>Disponible en: 100ml, 1 et 5 litres.<\/span><\/p>\n<\/p><\/div>\n","protected":false},"excerpt":{"rendered":"<h1 class=\"product_title entry-title\">B\u2019cuzz Coco Booster Universal<\/h1>\n<div><\/div>\n<div>\n<p>Donne un coup de pouce naturel \u00e0 la culture pendant la p\u00e9riode de croissance et de floraison. Il contient tous les composants pour le cycle de l\u2019acide citrique. Sp\u00e9cialement d\u00e9velopp\u00e9 pour la culture sur coco.<\/p>\n<\/p><\/div>\n","protected":false},"featured_media":4264,"comment_status":"open","ping_status":"closed","template":"","meta":[],"product_cat":[159],"product_tag":[592,589,533,531,537,526,528,522,580,523,525,524,532,521,534,527,529,530],"_links":{"self":[{"href":"https:\/\/www.cbd-achat.ch\/es\/wp-json\/wp\/v2\/product\/4265"}],"collection":[{"href":"https:\/\/www.cbd-achat.ch\/es\/wp-json\/wp\/v2\/product"}],"about":[{"href":"https:\/\/www.cbd-achat.ch\/es\/wp-json\/wp\/v2\/types\/product"}],"replies":[{"embeddable":true,"href":"https:\/\/www.cbd-achat.ch\/es\/wp-json\/wp\/v2\/comments?post=4265"}],"wp:featuredmedia":[{"embeddable":true,"href":"https:\/\/www.cbd-achat.ch\/es\/wp-json\/wp\/v2\/media\/4264"}],"wp:attachment":[{"href":"https:\/\/www.cbd-achat.ch\/es\/wp-json\/wp\/v2\/media?parent=4265"}],"wp:term":[{"taxonomy":"product_cat","embeddable":true,"href":"https:\/\/www.cbd-achat.ch\/es\/wp-json\/wp\/v2\/product_cat?post=4265"},{"taxonomy":"product_tag","embeddable":true,"href":"https:\/\/www.cbd-achat.ch\/es\/wp-json\/wp\/v2\/product_tag?post=4265"}],"curies":[{"name":"wp","href":"https:\/\/api.w.org\/{rel}","templated":true}]}}