{"id":4426,"date":"2016-06-18T14:17:28","date_gmt":"2016-06-18T12:17:28","guid":{"rendered":"https:\/\/www.cbd-achat.ch\/produit\/advanced-hydroponics-bloom\/"},"modified":"2016-06-18T14:17:28","modified_gmt":"2016-06-18T12:17:28","slug":"advanced-hydroponics-bloom","status":"publish","type":"product","link":"https:\/\/www.cbd-achat.ch\/es\/produit\/advanced-hydroponics-bloom\/","title":{"rendered":"Advanced Hydroponics Bloom"},"content":{"rendered":"<div class=\"teaser\">Advanced Hydroponics Dutch Formula engrais convient \u00e0 tous syst\u00e8mes et tous substrats. Il se compose de trois stades:<\/div>\n<div class=\"description\">\n<ul>\n<li>1. Grow (Croissance)<\/li>\n<li>2. Bloom (Floraison)<\/li>\n<li>3. Micro<\/li>\n<\/ul>\n<p> Ces trois nutriments hautement concentr\u00e9s &#8211; Grow, Bloom et Micro &#8211; garantissent un r\u00e9gime puissant, permettant une r\u00e9colte \u00e9tonnante, de toute premi\u00e8re qualit\u00e9.\u00a0<br \/>La combinaison des trois \u00e9tapes apporte tous les \u00e9l\u00e9ments essentiels aux plantes, rendant inutile l&#8217;utilisation d&#8217;additifs suppl\u00e9mentaires.\u00a0<\/p>\n<p>Les composantes\u00a0<span>Dutch Formula Grow<\/span>\u00a0cr\u00e9ent des conditions optimales pour la phase de floraison \u00e9tal\u00e9e sur 12 heures. L&#8217;utilisation de Dutch Formula Grow doit \u00eatre arr\u00eat\u00e9e entre le 21\u00e8me et le 30\u00e8me jour apr\u00e8s l&#8217;entr\u00e9e de vos plantes dans cette phase de floraison de 12 heures.<\/div>\n","protected":false},"excerpt":{"rendered":"<div class=\"teaser\">Advanced Hydroponics Dutch Formula engrais convient \u00e0 tous syst\u00e8mes et tous substrats. Il se compose de trois stades:<\/div>\n<div class=\"description\">\n<ul>\n<li>1. Grow<\/li>\n<li>2. Bloom<\/li>\n<li>3. Micro<\/li>\n<\/ul>\n<\/div>\n","protected":false},"featured_media":4425,"comment_status":"open","ping_status":"closed","template":"","meta":[],"product_cat":[175],"product_tag":[644,533,626,531,526,528,522,523,525,524,532,521,534,527,529,530],"_links":{"self":[{"href":"https:\/\/www.cbd-achat.ch\/es\/wp-json\/wp\/v2\/product\/4426"}],"collection":[{"href":"https:\/\/www.cbd-achat.ch\/es\/wp-json\/wp\/v2\/product"}],"about":[{"href":"https:\/\/www.cbd-achat.ch\/es\/wp-json\/wp\/v2\/types\/product"}],"replies":[{"embeddable":true,"href":"https:\/\/www.cbd-achat.ch\/es\/wp-json\/wp\/v2\/comments?post=4426"}],"wp:featuredmedia":[{"embeddable":true,"href":"https:\/\/www.cbd-achat.ch\/es\/wp-json\/wp\/v2\/media\/4425"}],"wp:attachment":[{"href":"https:\/\/www.cbd-achat.ch\/es\/wp-json\/wp\/v2\/media?parent=4426"}],"wp:term":[{"taxonomy":"product_cat","embeddable":true,"href":"https:\/\/www.cbd-achat.ch\/es\/wp-json\/wp\/v2\/product_cat?post=4426"},{"taxonomy":"product_tag","embeddable":true,"href":"https:\/\/www.cbd-achat.ch\/es\/wp-json\/wp\/v2\/product_tag?post=4426"}],"curies":[{"name":"wp","href":"https:\/\/api.w.org\/{rel}","templated":true}]}}