{"id":4578,"date":"2016-06-21T12:11:17","date_gmt":"2016-06-21T10:11:17","guid":{"rendered":"https:\/\/www.cbd-achat.ch\/produit\/master-grower-grow\/"},"modified":"2016-06-21T12:11:17","modified_gmt":"2016-06-21T10:11:17","slug":"master-grower-grow","status":"publish","type":"product","link":"https:\/\/www.cbd-achat.ch\/es\/produit\/master-grower-grow\/","title":{"rendered":"Master Grower Grow"},"content":{"rendered":"<p><b>MASTER GROWER &#8211; 1L &#8211; Hydropassion &#8211; Vegetative Grow\u00a0<br \/><\/b><span>(A utiliser en combinaison avec MASTER GROWER &#8211; Flowering Stage)<\/span><\/p>\n<p><b>MASTER GROWER\u00a0<\/b>est un programme de fertilisation innovant issu de recherches scientifiques et de tests en laboratoire, offrant au jardinier amateur et professionnel des produits d\u2019une qualit\u00e9 et d\u2019une richesse incomparable.<\/p>\n<p>Ces engrais sont fabriqu\u00e9s \u00e0 partir d\u2019une nouvelle g\u00e9n\u00e9ration de formulations et r\u00e9alis\u00e9s avec des ingr\u00e9dients de premier choix, des min\u00e9raux rares hautement purifi\u00e9s, combin\u00e9s avec des additifs naturels d\u2019origine v\u00e9g\u00e9tale et marine.<\/p>\n<p>Agissant en totale synergie, l\u2019ensemble de ces substances donne naissance \u00e0 un \u00e9lixir organo-min\u00e9ral tr\u00e8s b\u00e9n\u00e9fiques pour la sant\u00e9 des plantes. Fortement stimulant et bio protecteur, il procure une vitalit\u00e9 exceptionnelle tout au long de la culture, garantissant ainsi une r\u00e9colte abondante d\u2019une extr\u00eame qualit\u00e9.\u00a0<\/p>\n<p>\u25a0 Formulation concentr\u00e9e ultra-assimilable au pH stabilis\u00e9 de sels min\u00e9raux extra-purs et d\u2019additifs naturels.<br \/>\u25a0 Contient de l\u2019eau de mer purifi\u00e9e pour un apport d\u2019oligo-\u00e9l\u00e9ments et de magn\u00e9sium 100% naturels.<br \/>\u25a0 Enrichi en Calcium pour les besoins des plantes \u00e0 croissance rapide.<br \/>\u25a0 Contient un extrait d\u2019algue \u00ab Macrocystis \u00bb, naturellement riches en hormones de croissance v\u00e9g\u00e9tales.<br \/>\u25a0 Augmente le rendement et la concentration des principes actifs des plantes \u00e0 huiles essentielles et m\u00e9dicinales.<br \/>\u25a0 Efficace pour tous types de cultures : Hydro, A\u00e9ro, Coco, Terre.<\/p>\n<p><b>VEGETATIVE GROW\u00a0<\/b>peut s\u2019utiliser seul en d\u00e9but de culture, puis en combinaison dans des proportions vari\u00e9es avec\u00a0<b>FLOWERING STAGE\u00a0<\/b>pour une alimentation \u00e9quilibr\u00e9e et parfaitement adapt\u00e9e aux diff\u00e9rents cycles de croissance et de floraison.<\/p>\n<p>Pour un d\u00e9veloppement exacerb\u00e9 du syst\u00e8me racinaire, utilisez\u00a0<b>XTRA ROOTS<\/b>\u00a0d\u00e8s la sortie des premi\u00e8res racines. Pour une augmentation de la qualit\u00e9 et du rendement, ajoutez\u00a0<b>MASSIVE BLOOM<\/b>\u00a0d\u00e8s la 3e semaine de foraison.<\/p>\n<p>\u25a0\u25a0\u25a0<\/p>\n<p><b>MASTER GROWER &#8211; Vegetative Grow &#8211;<br \/>Solution d&#8217;engrais NK 9-6 (CaO)<\/b>\u00a0Contient des oligo\u00e9l\u00e9ments.<\/p>\n<p><b>Composition :<\/b><br \/>&#8211; 9% d\u2019Azote (N) total, dont 3,3% d\u2019azote nitrique et 5,7% d\u2019azote ur\u00e9ique<br \/>&#8211; 6% d\u2019Oxyde de potassium (K20) soluble dans l\u2019eau<br \/>&#8211; 3% d\u2019Oxyde de calcium (CaO) soluble dans l\u2019eau<br \/>&#8211; 0,01% de Bore (B) soluble dans l\u2019eau<br \/>&#8211; 0,002% de Cuivre (Cu) soluble dans l\u2019eau<br \/>&#8211; 0,03% de Fer (Fe) soluble dans l\u2019eau, ch\u00e9lat\u00e9 par DTPA<br \/>&#8211; 0,02% de Mangan\u00e8se (Mn) soluble dans l\u2019eau<br \/>&#8211; 0,002% de Molybd\u00e8ne (Mo) soluble dans l\u2019eau<br \/>&#8211; 0,01% de Zinc (Zn) soluble dans l\u2019eau<\/p>\n","protected":false},"excerpt":{"rendered":"<p><b>MASTER GROWER\u00a0<\/b>est un programme de fertilisation innovant issu de recherches scientifiques et de tests en laboratoire, offrant au jardinier amateur et professionnel des produits d\u2019une qualit\u00e9 et d\u2019une richesse incomparable.<\/p>\n","protected":false},"featured_media":4577,"comment_status":"open","ping_status":"closed","template":"","meta":[],"product_cat":[130],"product_tag":[533,531,526,528,522,523,525,524,532,629,521,534,678,677,527,529,530],"_links":{"self":[{"href":"https:\/\/www.cbd-achat.ch\/es\/wp-json\/wp\/v2\/product\/4578"}],"collection":[{"href":"https:\/\/www.cbd-achat.ch\/es\/wp-json\/wp\/v2\/product"}],"about":[{"href":"https:\/\/www.cbd-achat.ch\/es\/wp-json\/wp\/v2\/types\/product"}],"replies":[{"embeddable":true,"href":"https:\/\/www.cbd-achat.ch\/es\/wp-json\/wp\/v2\/comments?post=4578"}],"wp:featuredmedia":[{"embeddable":true,"href":"https:\/\/www.cbd-achat.ch\/es\/wp-json\/wp\/v2\/media\/4577"}],"wp:attachment":[{"href":"https:\/\/www.cbd-achat.ch\/es\/wp-json\/wp\/v2\/media?parent=4578"}],"wp:term":[{"taxonomy":"product_cat","embeddable":true,"href":"https:\/\/www.cbd-achat.ch\/es\/wp-json\/wp\/v2\/product_cat?post=4578"},{"taxonomy":"product_tag","embeddable":true,"href":"https:\/\/www.cbd-achat.ch\/es\/wp-json\/wp\/v2\/product_tag?post=4578"}],"curies":[{"name":"wp","href":"https:\/\/api.w.org\/{rel}","templated":true}]}}