{"id":4964,"date":"2016-08-15T13:57:43","date_gmt":"2016-08-15T11:57:43","guid":{"rendered":"https:\/\/www.cbd-achat.ch\/produit\/rhino-pro-2400m3h-250mm\/"},"modified":"2016-08-15T13:57:43","modified_gmt":"2016-08-15T11:57:43","slug":"rhino-pro-2400m3h-250mm","status":"publish","type":"product","link":"https:\/\/www.cbd-achat.ch\/es\/produit\/rhino-pro-2400m3h-250mm\/","title":{"rendered":"RHINO PRO 2400M3\/H 250MM"},"content":{"rendered":"<p>Capacit\u00e9: 2&#8217;400 m3\/h<\/p>\n<p>Gaine: 250mm de diam\u00e8tre<\/p>\n<p><span>Longueur: 1000mm<\/span><br \/><span>Diam\u00e8tre: 350mm<\/span><br \/><span>Poids: 18,3 kg<\/span><\/p>\n<hr \/>\n<p>Le Rhino Pro Filter est construit \u00e0 partir de carbone RC412, le meilleur dans le monde. Le carbone est herm\u00e9tiquement emball\u00e9 et scell\u00e9 dans un cylindre d&#8217;air \u00e0 haut rendement avec un c\u00f4ne de vortex dans la base et une surface poreuse personnalis\u00e9e pour un transfert maximale. La porosit\u00e9 \u00e9lev\u00e9e du carbone, combin\u00e9 avec un aluminium l\u00e9ger, font que le filtre Rhino Pro est petit et plus facile \u00e0 manipuler.<\/p>\n","protected":false},"excerpt":{"rendered":"<p>Capacit\u00e9: 2&#8217;400 m3\/h Gaine: 250mm de diam\u00e8tre Longueur: 1000mmDiam\u00e8tre: 350mmPoids: 18,3 kg Le Rhino Pro Filter est construit \u00e0 partir de carbone RC412, le meilleur dans le monde. Le carbone est herm\u00e9tiquement emball\u00e9 et scell\u00e9 dans un cylindre d&#8217;air \u00e0 haut rendement avec un c\u00f4ne de vortex dans la base [&hellip;]<\/p>\n","protected":false},"featured_media":4963,"comment_status":"open","ping_status":"closed","template":"","meta":[],"product_cat":[157],"product_tag":[533,531,526,528,522,523,525,524,532,521,534,527,529,530],"_links":{"self":[{"href":"https:\/\/www.cbd-achat.ch\/es\/wp-json\/wp\/v2\/product\/4964"}],"collection":[{"href":"https:\/\/www.cbd-achat.ch\/es\/wp-json\/wp\/v2\/product"}],"about":[{"href":"https:\/\/www.cbd-achat.ch\/es\/wp-json\/wp\/v2\/types\/product"}],"replies":[{"embeddable":true,"href":"https:\/\/www.cbd-achat.ch\/es\/wp-json\/wp\/v2\/comments?post=4964"}],"wp:featuredmedia":[{"embeddable":true,"href":"https:\/\/www.cbd-achat.ch\/es\/wp-json\/wp\/v2\/media\/4963"}],"wp:attachment":[{"href":"https:\/\/www.cbd-achat.ch\/es\/wp-json\/wp\/v2\/media?parent=4964"}],"wp:term":[{"taxonomy":"product_cat","embeddable":true,"href":"https:\/\/www.cbd-achat.ch\/es\/wp-json\/wp\/v2\/product_cat?post=4964"},{"taxonomy":"product_tag","embeddable":true,"href":"https:\/\/www.cbd-achat.ch\/es\/wp-json\/wp\/v2\/product_tag?post=4964"}],"curies":[{"name":"wp","href":"https:\/\/api.w.org\/{rel}","templated":true}]}}