{"id":5049,"date":"2016-11-23T14:14:44","date_gmt":"2016-11-23T13:14:44","guid":{"rendered":"https:\/\/www.cbd-achat.ch\/produit\/l-hydroponie-pour-tous-mini\/"},"modified":"2016-11-23T14:14:44","modified_gmt":"2016-11-23T13:14:44","slug":"l-hydroponie-pour-tous-mini","status":"publish","type":"product","link":"https:\/\/www.cbd-achat.ch\/es\/produit\/l-hydroponie-pour-tous-mini\/","title":{"rendered":"L&#8217;HYDROPONIE POUR TOUS MINI"},"content":{"rendered":"<p><span>Vous souhaitez ma\u00eetriser la culture de vos plantes, contr\u00f4ler leur alimentation, vous assurer de leur excellente sant\u00e9, limiter le recours aux herbicides et aux pesticides, ne plus d\u00e9pendre des al\u00e9as climatiques ou de la qualit\u00e9 du sol de votre r\u00e9gion\u2009?\u00a0<span>L\u2019hydroponie vous aidera dans votre recherche d\u2019une culture de qualit\u00e9.\u00a0<\/span><\/span><\/p>\n<p><span>Par ses explications d\u00e9taill\u00e9es, ses sch\u00e9mas et ses illustrations, cette version mini du best seller de William Texier vous guidera pas \u00e0 pas dans votre parcours, que vous viviez en ville ou \u00e0 la campagne.\u00a0<\/span><\/p>\n<p><span>Avec ce livre, vous \u00e9viterez les erreurs de d\u00e9butant et prendrez rapidement confiance en vos talents de jardinier. Pour d\u00e9guster votre premi\u00e8re r\u00e9colte ou admirer vos fleurs.\u00a0<\/span><\/p>\n","protected":false},"excerpt":{"rendered":"<p>Vous souhaitez ma\u00eetriser la culture de vos plantes, contr\u00f4ler leur alimentation, vous assurer de leur excellente sant\u00e9, limiter le recours aux herbicides et aux pesticides, ne plus d\u00e9pendre des al\u00e9as climatiques ou de la qualit\u00e9 du sol de votre r\u00e9gion\u2009?\u00a0L\u2019hydroponie vous aidera dans votre recherche d\u2019une culture de qualit\u00e9.\u00a0 Par [&hellip;]<\/p>\n","protected":false},"featured_media":5048,"comment_status":"open","ping_status":"closed","template":"","meta":[],"product_cat":[59],"product_tag":[533,531,526,528,522,523,525,524,532,521,534,527,529,530],"_links":{"self":[{"href":"https:\/\/www.cbd-achat.ch\/es\/wp-json\/wp\/v2\/product\/5049"}],"collection":[{"href":"https:\/\/www.cbd-achat.ch\/es\/wp-json\/wp\/v2\/product"}],"about":[{"href":"https:\/\/www.cbd-achat.ch\/es\/wp-json\/wp\/v2\/types\/product"}],"replies":[{"embeddable":true,"href":"https:\/\/www.cbd-achat.ch\/es\/wp-json\/wp\/v2\/comments?post=5049"}],"wp:featuredmedia":[{"embeddable":true,"href":"https:\/\/www.cbd-achat.ch\/es\/wp-json\/wp\/v2\/media\/5048"}],"wp:attachment":[{"href":"https:\/\/www.cbd-achat.ch\/es\/wp-json\/wp\/v2\/media?parent=5049"}],"wp:term":[{"taxonomy":"product_cat","embeddable":true,"href":"https:\/\/www.cbd-achat.ch\/es\/wp-json\/wp\/v2\/product_cat?post=5049"},{"taxonomy":"product_tag","embeddable":true,"href":"https:\/\/www.cbd-achat.ch\/es\/wp-json\/wp\/v2\/product_tag?post=5049"}],"curies":[{"name":"wp","href":"https:\/\/api.w.org\/{rel}","templated":true}]}}