{"id":5089,"date":"2016-11-25T14:06:21","date_gmt":"2016-11-25T13:06:21","guid":{"rendered":"https:\/\/www.cbd-achat.ch\/produit\/flo-gro-520\/"},"modified":"2016-11-25T14:06:21","modified_gmt":"2016-11-25T13:06:21","slug":"flo-gro-520","status":"publish","type":"product","link":"https:\/\/www.cbd-achat.ch\/es\/produit\/flo-gro-520\/","title":{"rendered":"Flo Gro 520"},"content":{"rendered":"<p>Le Flo-Gro produit des r\u00e9coltes beaucoup plus importants que les plantes cultiv\u00e9es en pots traditionnels, mais il est tout aussi simple \u00e0 utiliser.<\/p>\n<p>La minuterie d\u00e9clenche une pompe qui va pousser la solution nutritive vers un anneau goutteur qui \u00e9goutte la solution sur les billes d\u2019argile qui sont dans le pot. Quoi qu\u2019il en soit, la plante ne prend pas la place des drains dans le r\u00e9servoir, mais envoie de l\u2019oxyg\u00e8ne frais dans les racines ce qui favorise la croissance.<\/p>\n<p><strong>Meilleurs rendements<\/strong>\u00a0\u2013 Les plantes produisent des rendements superbes dans un Flo Gro parce qu\u2019elles ont un bien meilleur acc\u00e8s \u00e0 l\u2019oxyg\u00e8ne, ce qui n\u2019est pas possible dans un pot et elles sont en mesure d\u2019absorber plus d\u2019eau et de nutriments que les pots arros\u00e9s \u00e0 la main, parce qu\u2019elles en re\u00e7oivent assez peu mais souvent.<\/p>\n<p><strong>Rhizosph\u00e8re en bonne sant\u00e9, m\u00eame pour des plantes \u00e0 long terme &#8211;\u00a0<\/strong>Lorsqu\u2019on arrose \u00e0 la main, les poches d\u2019air du sol et le coco se remplissent d\u2019eau, ce qui limite l\u2019acc\u00e8s de l\u2019oxyg\u00e8ne aux racines. Mais le Flo Gro maintient tout le temps des niveaux \u00e9lev\u00e9s d\u2019oxyg\u00e8ne autour des racines. Ce qui veut dire plantes peuvent grandir plus longtemps\u00a0; ainsi, vous obtenez plus de rendement avec moins de plantes.<\/p>\n<p><strong>La fr\u00e9quence des nutriments correspond aux besoins de la plante<\/strong>\u00a0&#8211; Il donne aux plantes des conditions parfaites tout au long de leur cycle de vie en modifiant la fr\u00e9quence et la dur\u00e9e des apports de nutriments.<\/p>\n<p><strong>Efficac<\/strong><strong>it\u00e9<\/strong><strong>\u00a0de l\u2019espace<\/strong>\u00a0&#8211; Le plus grand Flo Gro a une hauteur de seulement 30 cm pour maximiser la hauteur de la serre.<\/p>\n<p><strong>Fiable &#8211;<\/strong>\u00a0construit pour durer des d\u00e9cennies.<\/p>\n","protected":false},"excerpt":{"rendered":"<p><strong>Un pot\u00a0<\/strong><strong>hyper-oxyg\u00e9n\u00e9<\/strong><\/p>\n<p>Le Flo-Gro est un pot hyper-oxyg\u00e9n\u00e9e avec une minuterie. Il est r\u00e9put\u00e9 pour produire des rendements \u00e9normes.<\/p>\n<p>Le pot est rempli de billes d\u2019argile et la solution nutritive est pomp\u00e9e dans le r\u00e9servoir et sur les plantes \u00e0 travers un anneau goutteur selon les r\u00e9glages de la minuterie.<\/p>\n<p>Id\u00e9al pour maximiser la croissance et les rendements.<\/p>\n<p>75cm x 75cm x 30cm<\/p>\n<p>r\u00e9servoir: 50 L<\/p>\n","protected":false},"featured_media":5087,"comment_status":"open","ping_status":"closed","template":"","meta":[],"product_cat":[164],"product_tag":[533,531,526,528,522,523,525,524,532,521,534,527,529,530],"_links":{"self":[{"href":"https:\/\/www.cbd-achat.ch\/es\/wp-json\/wp\/v2\/product\/5089"}],"collection":[{"href":"https:\/\/www.cbd-achat.ch\/es\/wp-json\/wp\/v2\/product"}],"about":[{"href":"https:\/\/www.cbd-achat.ch\/es\/wp-json\/wp\/v2\/types\/product"}],"replies":[{"embeddable":true,"href":"https:\/\/www.cbd-achat.ch\/es\/wp-json\/wp\/v2\/comments?post=5089"}],"wp:featuredmedia":[{"embeddable":true,"href":"https:\/\/www.cbd-achat.ch\/es\/wp-json\/wp\/v2\/media\/5087"}],"wp:attachment":[{"href":"https:\/\/www.cbd-achat.ch\/es\/wp-json\/wp\/v2\/media?parent=5089"}],"wp:term":[{"taxonomy":"product_cat","embeddable":true,"href":"https:\/\/www.cbd-achat.ch\/es\/wp-json\/wp\/v2\/product_cat?post=5089"},{"taxonomy":"product_tag","embeddable":true,"href":"https:\/\/www.cbd-achat.ch\/es\/wp-json\/wp\/v2\/product_tag?post=5089"}],"curies":[{"name":"wp","href":"https:\/\/api.w.org\/{rel}","templated":true}]}}