{"id":5289,"date":"2016-12-01T12:31:03","date_gmt":"2016-12-01T11:31:03","guid":{"rendered":"https:\/\/www.cbd-achat.ch\/produit\/reduction-150-200-mm\/"},"modified":"2016-12-01T12:31:03","modified_gmt":"2016-12-01T11:31:03","slug":"reduction-150-200-mm","status":"publish","type":"product","link":"https:\/\/www.cbd-achat.ch\/es\/produit\/reduction-150-200-mm\/","title":{"rendered":"R\u00e9duction 150 &#8211; 200 mm"},"content":{"rendered":"<p><span>R\u00e9duction m\u00e9tal<\/span><\/p>\n","protected":false},"excerpt":{"rendered":"<p>R\u00e9duction m\u00e9tal<\/p>\n","protected":false},"featured_media":5288,"comment_status":"open","ping_status":"closed","template":"","meta":[],"product_cat":[210],"product_tag":[533,531,526,528,522,523,525,524,532,521,534,527,529,530],"_links":{"self":[{"href":"https:\/\/www.cbd-achat.ch\/es\/wp-json\/wp\/v2\/product\/5289"}],"collection":[{"href":"https:\/\/www.cbd-achat.ch\/es\/wp-json\/wp\/v2\/product"}],"about":[{"href":"https:\/\/www.cbd-achat.ch\/es\/wp-json\/wp\/v2\/types\/product"}],"replies":[{"embeddable":true,"href":"https:\/\/www.cbd-achat.ch\/es\/wp-json\/wp\/v2\/comments?post=5289"}],"wp:featuredmedia":[{"embeddable":true,"href":"https:\/\/www.cbd-achat.ch\/es\/wp-json\/wp\/v2\/media\/5288"}],"wp:attachment":[{"href":"https:\/\/www.cbd-achat.ch\/es\/wp-json\/wp\/v2\/media?parent=5289"}],"wp:term":[{"taxonomy":"product_cat","embeddable":true,"href":"https:\/\/www.cbd-achat.ch\/es\/wp-json\/wp\/v2\/product_cat?post=5289"},{"taxonomy":"product_tag","embeddable":true,"href":"https:\/\/www.cbd-achat.ch\/es\/wp-json\/wp\/v2\/product_tag?post=5289"}],"curies":[{"name":"wp","href":"https:\/\/api.w.org\/{rel}","templated":true}]}}