{"id":5405,"date":"2016-12-02T13:09:21","date_gmt":"2016-12-02T12:09:21","guid":{"rendered":"https:\/\/www.cbd-achat.ch\/produit\/lumatek-digital-ballast-1000w-dimmable\/"},"modified":"2016-12-02T13:09:21","modified_gmt":"2016-12-02T12:09:21","slug":"lumatek-digital-ballast-1000w-dimmable","status":"publish","type":"product","link":"https:\/\/www.cbd-achat.ch\/es\/produit\/lumatek-digital-ballast-1000w-dimmable\/","title":{"rendered":"LUMATEK DIGITAL BALLAST 1000W DIMMABLE"},"content":{"rendered":"<ul>\n<li><strong>27% plus de lumineux<\/strong><span>\u00a0qu&#8217;un ballast magn\u00e9tique classique,<\/span><\/li>\n<li><span>10 \u00e0 15 % plus de lumineux qu&#8217;un ballast Digital concurrent,\u00a0<\/span><\/li>\n<li><strong>Compatible avec toutes les ampoules MH et HPS<\/strong><span>\u00a0de puissance adapt\u00e9e pr\u00e9sentes sur le march\u00e9 (sans distinction)\u00a0<\/span><\/li>\n<li><span>Consomme moins d&#8217;\u00e9nergie qu&#8217;un ballast magn\u00e9tique gr\u00e2ce \u00e0 une\u00a0<\/span><strong>diminution des pertes calorifiques<\/strong><span>\u00a0(chaleur \u00e9mise par le ballast),\u00a0<\/span><\/li>\n<li><strong>Augmente la dur\u00e9e de vie de l&#8217;ampoule et maintient son flux lumineux<\/strong><span>\u00a0dans le temps\u00a0<\/span><\/li>\n<li><span>Gr\u00e2ce \u00e0 son amor\u00e7age progressif, plus besoin d&#8217;utiliser de relais ou disjoncteur pour prot\u00e9ger votre installation \u00e9lectrique,\u00a0<\/span><\/li>\n<li><span>Protection thermique \u00e9teignant le ballast en cas de court circuit,\u00a0<\/span><\/li>\n<li><strong>Degr\u00e9 d&#8217;interf\u00e9rence RF minimal<\/strong><span>(port\u00e9e inf\u00e9rieur \u00e0 50 cm). Un ballast de mauvaise facture peut g\u00e9n\u00e9rer des interf\u00e9rences RF se propageant jusqu&#8217;\u00e0 45 m\u00e8tres (Interf\u00e9rence pouvant perturber vos autres appareils \u00e9lectroniques).\u00a0<\/span><\/li>\n<li><span>Le car\u00e9nage en Aluminium du ballast Digital NXE Lumatek est\u00a0<\/span><strong>int\u00e9gralement scell\u00e9 \u00e0 la r\u00e9sine<\/strong><span>. Cela prot\u00e8gera votre platine de toutes les \u00e9claboussures intempestives.\u00a0<\/span><\/li>\n<li><span>Faible poids du ballast gr\u00e2ce \u00e0 l&#8217;absence de bobine de cuivre.\u00a0<\/span><\/li>\n<li><strong>Garantie 3 ans<\/strong><\/li>\n<\/ul>\n<p><span>Ce ballast Digital NXE Lumatek est dot\u00e9 composants de tr\u00e8s haute qualit\u00e9 et des meilleurs technologies (GIP) du moment vous procurant ainsi des performances haut de gamme sans \u00e9gales.<\/span><br \/><span>Ce mod\u00e8le b\u00e9n\u00e9ficie d&#8217;une qualit\u00e9 de finition sans \u00e9gale et ne\u00a0<\/span><strong>n\u00e9cessite par cons\u00e9quent aucun montage ou c\u00e2blage suppl\u00e9mentaire de la part de l&#8217;utilisateur<\/strong><span>\u00a0(hors connexion de la douille du r\u00e9flecteur).<\/span><\/p>\n<\/p>\n<p><span><strong>Inclus:<\/strong><\/span><\/p>\n<ul>\n<li><span>Un ballast Digital NXE Lumatek 1000 Watts MH \/ HPS int\u00e9gralement car\u00e9n\u00e9e,\u00a0<\/span><\/li>\n<li><span>1.5 m\u00e8tres de c\u00e2bles secteurs pr\u00e9 mont\u00e9,\u00a0<\/span><\/li>\n<li><span>2 m\u00e8tres de c\u00e2ble allant \u00e0 l&#8217;ampoule pr\u00e9 mont\u00e9 au ballast.<\/span><\/li>\n<\/ul>\n<p><span><strong><br \/><\/strong><br \/><span>L&#8217;alimentation est adapt\u00e9 \u00e0 la technologie et \u00e0 la puissance des ampoules HPS de 1000 Watts (Ne pas l&#8217;utiliser avec des ampoules d&#8217;une autre puissance),\u00a0<\/span><br \/><span>Alimentation de 1000 Watts utilis\u00e9 pour l&#8217;\u00e9clairage d&#8217;une\u00a0<\/span><strong>surface de 1.5 m\u00b2,<\/strong><span>\u00a0<\/span><\/p>\n<p><\/span><\/p>\n<p><span><strong>Caract\u00e9ristiques techniques:<\/strong><\/span><\/p>\n<ul>\n<li>Ballast \u00e9lectronique pour ampoule 1000W HPS ou MH\u00a0<\/li>\n<\/ul>\n<ul>\n<li>Voltage : 230V 50\/60Hz<\/li>\n<\/ul>\n<ul>\n<li>Courant : 2.70 A<\/li>\n<\/ul>\n<ul>\n<li>Puissance en entr\u00e9e : 1030W<\/li>\n<\/ul>\n<ul>\n<li>Puissance en sortie : 1000W<\/li>\n<\/ul>\n<ul>\n<li>Rendement : &gt;0.99<\/li>\n<\/ul>\n<ul>\n<li>Voltage : 165 \u00e0 265V<\/li>\n<\/ul>\n<ul>\n<li>THD : &lt;8%<\/li>\n<\/ul>\n<ul>\n<li>CCF Lampe : &lt;1.7<\/li>\n<\/ul>\n<ul>\n<li>Fr\u00e9quence en fonctionnement: haute fr\u00e9quence<\/li>\n<\/ul>\n<ul>\n<li>Aucun bruit audible, aucun scintillement<\/li>\n<\/ul>\n<ul>\n<li>Temp\u00e9ratur environnate : -25 to 50 \u00b0C<\/li>\n<\/ul>\n<ul>\n<li>Mont\u00e9e en temp\u00e9rature interne: 35 \u00b0C<\/li>\n<\/ul>\n<ul>\n<li>Conformit\u00e9 norme IP : &gt;IP23<\/li>\n<\/ul>\n","protected":false},"excerpt":{"rendered":"<p><span><strong>NOUVEAU : DIMMER + SUPER LUMENS SWITCH<\/strong><br \/><\/span><\/p>\n<p>Ce ballast Digital NXE Lumatek MH \/ HPS de marque LumateK est le plus performant de tous les ballast \u00e9lectronique du march\u00e9.\u00a0<br \/><strong>Il restitue en moyenne 27 % de plus de lumi\u00e8re qu&#8217;un ballast magn\u00e9tique classique<\/strong>\u00a0(ballast DUO, Combikit, etc.) et s&#8217;av\u00e8re 10 \u00e0 15 % plus lumineux que les autres ballast Digital concurrent.<\/p>\n","protected":false},"featured_media":5402,"comment_status":"open","ping_status":"closed","template":"","meta":[],"product_cat":[123],"product_tag":[533,531,526,528,522,523,525,524,532,521,534,527,529,530],"_links":{"self":[{"href":"https:\/\/www.cbd-achat.ch\/es\/wp-json\/wp\/v2\/product\/5405"}],"collection":[{"href":"https:\/\/www.cbd-achat.ch\/es\/wp-json\/wp\/v2\/product"}],"about":[{"href":"https:\/\/www.cbd-achat.ch\/es\/wp-json\/wp\/v2\/types\/product"}],"replies":[{"embeddable":true,"href":"https:\/\/www.cbd-achat.ch\/es\/wp-json\/wp\/v2\/comments?post=5405"}],"wp:featuredmedia":[{"embeddable":true,"href":"https:\/\/www.cbd-achat.ch\/es\/wp-json\/wp\/v2\/media\/5402"}],"wp:attachment":[{"href":"https:\/\/www.cbd-achat.ch\/es\/wp-json\/wp\/v2\/media?parent=5405"}],"wp:term":[{"taxonomy":"product_cat","embeddable":true,"href":"https:\/\/www.cbd-achat.ch\/es\/wp-json\/wp\/v2\/product_cat?post=5405"},{"taxonomy":"product_tag","embeddable":true,"href":"https:\/\/www.cbd-achat.ch\/es\/wp-json\/wp\/v2\/product_tag?post=5405"}],"curies":[{"name":"wp","href":"https:\/\/api.w.org\/{rel}","templated":true}]}}