{"id":5416,"date":"2016-12-02T13:47:28","date_gmt":"2016-12-02T12:47:28","guid":{"rendered":"https:\/\/www.cbd-achat.ch\/produit\/ballast-600w-eti-duo-hpsmh-avec-protection-thermique\/"},"modified":"2021-04-11T22:26:33","modified_gmt":"2021-04-11T20:26:33","slug":"ballast-600w-eti-duo-hpsmh-avec-protection-thermique","status":"publish","type":"product","link":"https:\/\/www.cbd-achat.ch\/es\/produit\/ballast-600w-eti-duo-hpsmh-avec-protection-thermique\/","title":{"rendered":"BALLAST 600W ETI DUO (HPS\/MH) AVEC PROTECTION THERMIQUE"},"content":{"rendered":"<p>Ce ballast tr\u00e8s compact non c\u00e2bl\u00e9 vous permettra d&#8217;apporter un \u00e9clairage efficace sur une surface de 1.5m\u00b2. Il est \u00e9quip\u00e9 d&#8217;une protetcion thermique qui l&#8217;\u00e9teint en cas de surchauffe. Les ballasts ETI sont DUO c&#8217;est \u00e0 dire qu&#8217;ils peuvent allumer les lampes Haute Pression Sodium (HPS) et les les lampes Metal Halide (MH). Ils sont compatibles avec toutes les ampoules 600W pr\u00e9sentes sur le march\u00e9.<\/p>\n<p><strong>Caract\u00e9ristiques techniques :<\/strong><br \/>Compatibilit\u00e9 : MH, HPS et HPS Horticole de m\u00eame puissance<br \/>Dimensions: 230 x 110 x 90 mm<br \/>Voltage: 230 V<br \/>Puissance: 600 W<br \/>Fr\u00e9quence: 50 Hz<br \/>Amp\u00e9rage: 6,2A<\/p>\n<p>\u00a0<\/p>\n<p><strong>Pr\u00e9cautions d&#8217;emploi:<\/strong>\u00a0<br \/>-Installer le ballast sur une surface plane<br \/>-Ne jamais couvrir ni enfermer le ballast<br \/>-Ne jamais poser le ballast directement sur le sol<br \/>-Prot\u00e9gez le ballast desz projections d&#8217;eau et de l&#8217;humidit\u00e9<\/p>\n<p>\u00a0<\/p>\n<p>ATTENTION: Les ballasts de classe I doivent \u00eatre manipul\u00e9s et install\u00e9s par un technicien professionnel ayant re\u00e7ue une formation ad\u00e9quate.En cas de probl\u00e8me \u00e9lectrique ou d&#8217;accident, la responsabilit\u00e9 juridique de la personne ayant effectu\u00e9 le c\u00e2blage ou l&#8217;installation \u00e9lectrique est engag\u00e9e.<\/p>\n<p>\u00a0<\/p>\n","protected":false},"excerpt":{"rendered":"<p><strong>Ballast 600W &#8211; ETI &#8211; Class 1\u00a0<\/strong><\/p>\n","protected":false},"featured_media":5415,"comment_status":"open","ping_status":"closed","template":"","meta":[],"product_cat":[167],"product_tag":[533,531,526,528,522,523,525,524,532,521,534,527,529,530],"_links":{"self":[{"href":"https:\/\/www.cbd-achat.ch\/es\/wp-json\/wp\/v2\/product\/5416"}],"collection":[{"href":"https:\/\/www.cbd-achat.ch\/es\/wp-json\/wp\/v2\/product"}],"about":[{"href":"https:\/\/www.cbd-achat.ch\/es\/wp-json\/wp\/v2\/types\/product"}],"replies":[{"embeddable":true,"href":"https:\/\/www.cbd-achat.ch\/es\/wp-json\/wp\/v2\/comments?post=5416"}],"wp:featuredmedia":[{"embeddable":true,"href":"https:\/\/www.cbd-achat.ch\/es\/wp-json\/wp\/v2\/media\/5415"}],"wp:attachment":[{"href":"https:\/\/www.cbd-achat.ch\/es\/wp-json\/wp\/v2\/media?parent=5416"}],"wp:term":[{"taxonomy":"product_cat","embeddable":true,"href":"https:\/\/www.cbd-achat.ch\/es\/wp-json\/wp\/v2\/product_cat?post=5416"},{"taxonomy":"product_tag","embeddable":true,"href":"https:\/\/www.cbd-achat.ch\/es\/wp-json\/wp\/v2\/product_tag?post=5416"}],"curies":[{"name":"wp","href":"https:\/\/api.w.org\/{rel}","templated":true}]}}