{"id":5540,"date":"2018-11-26T16:29:34","date_gmt":"2018-11-26T15:29:34","guid":{"rendered":"https:\/\/www.cbd-achat.ch\/produit\/adwa-ad32-testeur-ec-et-temperature\/"},"modified":"2018-11-26T16:29:34","modified_gmt":"2018-11-26T15:29:34","slug":"adwa-ad32-testeur-ec-et-temperature","status":"publish","type":"product","link":"https:\/\/www.cbd-achat.ch\/es\/produit\/adwa-ad32-testeur-ec-et-temperature\/","title":{"rendered":"Adwa AD32  testeur EC et Temp\u00e9rature"},"content":{"rendered":"<p>Le bo\u00eetier de cet appareil a \u00e9t\u00e9 compl\u00e8tement scell\u00e9 pour pr\u00e9server de l&#8217;humidit\u00e9.<br \/>Tous les testeurs CE et TDS ont la temp\u00e9rature automatiquement compens\u00e9s (ATC), et les valeurs de temp\u00e9rature peuvent appara\u00eetre en degr\u00e9s Celsius (\u00b0 C) ou en degr\u00e9s Farenheidt (F \u00ba).<br \/>Le convertisseur EC \/ TDS peut \u00eatre s\u00e9lectionn\u00e9 par l&#8217;utilisateur, et le coefficient b\u00eata de compensation de temp\u00e9rature. Les testeurs peuvent \u00eatre calibr\u00e9s d&#8217;un point. Les mesures sont tr\u00e8s pr\u00e9cises avec un indicateur de la stabilit\u00e9 \u00e0 droite de l&#8217;\u00e9cran LCD. La sonde AD32P fournit avec le testeur est interchangeable et peut \u00eatre remplac\u00e9e sans difficult\u00e9. L&#8217;encapsulation du capteur de temp\u00e9rature permet une mesure rapide et pr\u00e9cise.<br \/>Chaque appareil est livr\u00e9 avec:<\/p>\n<p>&#8211; Capteur CE AD32P<br \/>&#8211; Piles bouton 1,5 V<br \/>&#8211; Manuel d&#8217;instruction<\/p>\n","protected":false},"excerpt":{"rendered":"<p>Adwa Ec m\u00e8tre\u00a0<\/p>\n<p>Waterproof<\/p><\/p>\n","protected":false},"featured_media":5539,"comment_status":"open","ping_status":"closed","template":"","meta":[],"product_cat":[56],"product_tag":[717,533,531,526,705,528,522,523,525,524,699,532,521,534,698,527,718,529,530],"_links":{"self":[{"href":"https:\/\/www.cbd-achat.ch\/es\/wp-json\/wp\/v2\/product\/5540"}],"collection":[{"href":"https:\/\/www.cbd-achat.ch\/es\/wp-json\/wp\/v2\/product"}],"about":[{"href":"https:\/\/www.cbd-achat.ch\/es\/wp-json\/wp\/v2\/types\/product"}],"replies":[{"embeddable":true,"href":"https:\/\/www.cbd-achat.ch\/es\/wp-json\/wp\/v2\/comments?post=5540"}],"wp:featuredmedia":[{"embeddable":true,"href":"https:\/\/www.cbd-achat.ch\/es\/wp-json\/wp\/v2\/media\/5539"}],"wp:attachment":[{"href":"https:\/\/www.cbd-achat.ch\/es\/wp-json\/wp\/v2\/media?parent=5540"}],"wp:term":[{"taxonomy":"product_cat","embeddable":true,"href":"https:\/\/www.cbd-achat.ch\/es\/wp-json\/wp\/v2\/product_cat?post=5540"},{"taxonomy":"product_tag","embeddable":true,"href":"https:\/\/www.cbd-achat.ch\/es\/wp-json\/wp\/v2\/product_tag?post=5540"}],"curies":[{"name":"wp","href":"https:\/\/api.w.org\/{rel}","templated":true}]}}