{"id":5690,"date":"2019-05-25T06:35:07","date_gmt":"2019-05-25T04:35:07","guid":{"rendered":"https:\/\/www.cbd-achat.ch\/produit\/horti-gear-600w-ballast\/"},"modified":"2019-05-25T06:35:07","modified_gmt":"2019-05-25T04:35:07","slug":"horti-gear-600w-ballast","status":"publish","type":"product","link":"https:\/\/www.cbd-achat.ch\/es\/produit\/horti-gear-600w-ballast\/","title":{"rendered":"Horti Gear 600w Ballast"},"content":{"rendered":"<\/p>\n<p>Horti Gear 600w Ballast<\/p>\n<p> Assembl\u00e9 avec des composants de qualit\u00e9 sup\u00e9rieure. Protection thermique, fusible, condensateur de compensation, et starter int\u00e9gr\u00e9s.<\/p>\n<p> Ballast DUO, convient \u00e0 la fois pour les ampoules HPS et pour les MH. Pas besoin de tournevis ! C\u00e2ble secteur d\u00e9j\u00e0 connect\u00e9.\u00a0<br \/> N\u00e9cessite uniquement un cordon IEC (type alimentation d&#8217;ordinateur) pour relier le ballast \u00e0 la lampe.<\/p>\n<p> Les ballasts magn\u00e9tiques Horti Gear plug&amp;play sont prot\u00e9g\u00e9s contre les \u00e9claboussures et poss\u00e8dent des trous d&#8217;a\u00e9ration pour limiter tout risque de surchauffe.<\/p>\n<p> Ballast compl\u00e8tement isol\u00e9 pour parer \u00e0 tout risque d\u2019\u00e9lectrocution.\u00a0<br \/> Ils sont \u00e9quip\u00e9s d&#8217;une protection par fusible accessible sur le devant de l&#8217;appareil.<br \/> \u00a0<\/p>\n<p>Type : magn\u00e9tique IP 20<br \/> Puissance : 600 W<br \/> Dimensions : 295 x 130 x 120 mm<br \/> Poids : 7,50 kg<br \/> Tension : 230 V<br \/> Fr\u00e9quence : 50 Hz<br \/> Amp\u00e9rage du fusible : 10 A<br \/> Rendement : &gt; 0.95<br \/> Conformit\u00e9 norme IP : IP20<\/p>\n<p> \u00a0<\/p>\n","protected":false},"excerpt":{"rendered":"<p>Horti Gear 600w Ballast Assembl\u00e9 avec des composants de qualit\u00e9 sup\u00e9rieure. Protection thermique, fusible, condensateur de compensation, et starter int\u00e9gr\u00e9s. Ballast DUO, convient \u00e0 la fois pour les ampoules HPS et pour les MH. Pas besoin de tournevis ! C\u00e2ble secteur d\u00e9j\u00e0 connect\u00e9.\u00a0 N\u00e9cessite uniquement un cordon IEC (type alimentation [&hellip;]<\/p>\n","protected":false},"featured_media":5689,"comment_status":"open","ping_status":"closed","template":"","meta":[],"product_cat":[167,324],"product_tag":[533,531,526,528,522,523,525,524,532,521,534,527,529,530],"_links":{"self":[{"href":"https:\/\/www.cbd-achat.ch\/es\/wp-json\/wp\/v2\/product\/5690"}],"collection":[{"href":"https:\/\/www.cbd-achat.ch\/es\/wp-json\/wp\/v2\/product"}],"about":[{"href":"https:\/\/www.cbd-achat.ch\/es\/wp-json\/wp\/v2\/types\/product"}],"replies":[{"embeddable":true,"href":"https:\/\/www.cbd-achat.ch\/es\/wp-json\/wp\/v2\/comments?post=5690"}],"wp:featuredmedia":[{"embeddable":true,"href":"https:\/\/www.cbd-achat.ch\/es\/wp-json\/wp\/v2\/media\/5689"}],"wp:attachment":[{"href":"https:\/\/www.cbd-achat.ch\/es\/wp-json\/wp\/v2\/media?parent=5690"}],"wp:term":[{"taxonomy":"product_cat","embeddable":true,"href":"https:\/\/www.cbd-achat.ch\/es\/wp-json\/wp\/v2\/product_cat?post=5690"},{"taxonomy":"product_tag","embeddable":true,"href":"https:\/\/www.cbd-achat.ch\/es\/wp-json\/wp\/v2\/product_tag?post=5690"}],"curies":[{"name":"wp","href":"https:\/\/api.w.org\/{rel}","templated":true}]}}