{"id":5743,"date":"2019-05-25T06:35:07","date_gmt":"2019-05-25T04:35:07","guid":{"rendered":"https:\/\/www.cbd-achat.ch\/produit\/pro-star-cfl-125w-6400k\/"},"modified":"2019-05-25T06:35:07","modified_gmt":"2019-05-25T04:35:07","slug":"pro-star-cfl-125w-6400k","status":"publish","type":"product","link":"https:\/\/www.cbd-achat.ch\/es\/produit\/pro-star-cfl-125w-6400k\/","title":{"rendered":"Pro Star CFL 125W- 6400K"},"content":{"rendered":"<\/p>\n<p>Ampoule Pro Star CFL 125W 6400K croissance Cette ampoule CFL a \u00e9t\u00e9 con\u00e7ue pour apporter aux plantes un spectre lumineux blanc\/bleu complet qui fourni un r\u00e9sultat exceptionnel en phase de croissance car il est absorb\u00e9 par les plantes \u00e0 pr\u00e9s de 100% ! Cette lampe fluo compacte d\u00e9gage tr\u00e8s peu de chaleur et est donc parfaite pour des espaces restreints et peu par cons\u00e9quent \u00eatre proche de vos plantes sans risque de les endommager ! Comme toute les ampoule \u00e9conomique, elle poss\u00e8de son propre ballast int\u00e9gr\u00e9 qui la rend tr\u00e8s simple d\u2019utilisation. Vissez la lampe sur une douille E40 et branchez la sur une prise de courant et le tour est jou\u00e9 ! Efficace pendant plus de 15 000 heures !\u00a0Caract\u00e9ristiques :\u00a0Zone d&#8217;\u00e9clairage efficace : 0.5m\u00b2 7 325 lumens 5 tubes en U 125W 220\/240 V 50Hz\/60Hz Culot E40 Longueur : 36 cm Ballast int\u00e9gr\u00e9 (comme toutes les ampoules \u00e9co (CFL)<\/p>\n","protected":false},"excerpt":{"rendered":"<p>Ampoule Pro Star CFL 125W 6400K croissance Cette ampoule CFL a \u00e9t\u00e9 con\u00e7ue pour apporter aux plantes un spectre lumineux blanc\/bleu complet qui fourni un r\u00e9sultat exceptionnel en phase de croissance car il est absorb\u00e9 par les plantes \u00e0 pr\u00e9s de 100% ! Cette lampe fluo compacte d\u00e9gage tr\u00e8s peu [&hellip;]<\/p>\n","protected":false},"featured_media":5742,"comment_status":"open","ping_status":"closed","template":"","meta":[],"product_cat":[326],"product_tag":[533,531,526,528,522,523,525,524,532,521,534,527,529,530],"_links":{"self":[{"href":"https:\/\/www.cbd-achat.ch\/es\/wp-json\/wp\/v2\/product\/5743"}],"collection":[{"href":"https:\/\/www.cbd-achat.ch\/es\/wp-json\/wp\/v2\/product"}],"about":[{"href":"https:\/\/www.cbd-achat.ch\/es\/wp-json\/wp\/v2\/types\/product"}],"replies":[{"embeddable":true,"href":"https:\/\/www.cbd-achat.ch\/es\/wp-json\/wp\/v2\/comments?post=5743"}],"wp:featuredmedia":[{"embeddable":true,"href":"https:\/\/www.cbd-achat.ch\/es\/wp-json\/wp\/v2\/media\/5742"}],"wp:attachment":[{"href":"https:\/\/www.cbd-achat.ch\/es\/wp-json\/wp\/v2\/media?parent=5743"}],"wp:term":[{"taxonomy":"product_cat","embeddable":true,"href":"https:\/\/www.cbd-achat.ch\/es\/wp-json\/wp\/v2\/product_cat?post=5743"},{"taxonomy":"product_tag","embeddable":true,"href":"https:\/\/www.cbd-achat.ch\/es\/wp-json\/wp\/v2\/product_tag?post=5743"}],"curies":[{"name":"wp","href":"https:\/\/api.w.org\/{rel}","templated":true}]}}