{"id":6006,"date":"2019-05-25T06:35:07","date_gmt":"2019-05-25T04:35:07","guid":{"rendered":"https:\/\/www.cbd-achat.ch\/produit\/carbonactive-filter-standard-300m3-h-o125-mm\/"},"modified":"2019-05-25T06:35:07","modified_gmt":"2019-05-25T04:35:07","slug":"carbonactive-filter-standard-300m3-h-o125-mm","status":"publish","type":"product","link":"https:\/\/www.cbd-achat.ch\/es\/produit\/carbonactive-filter-standard-300m3-h-o125-mm\/","title":{"rendered":"CarbonActive Filter Standard 300m3\/h \u00d8125 mm"},"content":{"rendered":"<\/p>\n<p>CarbonActive Filter Standard 300m3\/h \u00d8125 mm\u00a0<\/p>\n<p>Le Carbone Active est une r\u00e9volution dans le domaine des filtres \u00e0 charbon actif qui neutralise les odeurs pr\u00e9sentes dans l&#8217;air \u00e0 100%.\u00a0<br \/>  Le faible poids et les petites constructions sont un gros avantage en particulier pour les petits espaces.\u00a0<br \/>  Avec la nouvelle construction, une absorption des odeurs de l&#8217;air\u00a0est possible et cela avec une r\u00e9duction de la taille et du poids qui va jusqu&#8217;\u00e0 50%, en comparaison des filtres \u00e0 charbon actif traditionnels. Cette efficacit\u00e9 est atteinte gr\u00e2ce \u00e0 une optimisation du charbon actif.\u00a0<br \/>  Les petites particules de charbon actif de 0,4 \u00e0 0,8 mm pr\u00e9sentent une surface cent fois plus grande que celle du charbon actif habituel. Avec un filtre d&#8217;un poids et d&#8217;une taille minimum, l&#8217;efficacit\u00e9 de la neutralisation des odeurs augmente.\u00a0<\/p>\n<p>  Capacit\u00e9 300m3\/h<br \/>  Diam\u00e8tre flange: \u00a0125mm<br \/>  Dimension:\u00a0\u00d8190 x 315mm<br \/>  Poids: 1.2kg<\/p>\n","protected":false},"excerpt":{"rendered":"<p>CarbonActive Filter Standard 300m3\/h \u00d8125 mm\u00a0 Le Carbone Active est une r\u00e9volution dans le domaine des filtres \u00e0 charbon actif qui neutralise les odeurs pr\u00e9sentes dans l&#8217;air \u00e0 100%.\u00a0 Le faible poids et les petites constructions sont un gros avantage en particulier pour les petits espaces.\u00a0 Avec la nouvelle construction, [&hellip;]<\/p>\n","protected":false},"featured_media":6004,"comment_status":"open","ping_status":"closed","template":"","meta":[],"product_cat":[331],"product_tag":[533,531,526,528,522,523,525,524,532,521,534,527,529,530],"_links":{"self":[{"href":"https:\/\/www.cbd-achat.ch\/es\/wp-json\/wp\/v2\/product\/6006"}],"collection":[{"href":"https:\/\/www.cbd-achat.ch\/es\/wp-json\/wp\/v2\/product"}],"about":[{"href":"https:\/\/www.cbd-achat.ch\/es\/wp-json\/wp\/v2\/types\/product"}],"replies":[{"embeddable":true,"href":"https:\/\/www.cbd-achat.ch\/es\/wp-json\/wp\/v2\/comments?post=6006"}],"wp:featuredmedia":[{"embeddable":true,"href":"https:\/\/www.cbd-achat.ch\/es\/wp-json\/wp\/v2\/media\/6004"}],"wp:attachment":[{"href":"https:\/\/www.cbd-achat.ch\/es\/wp-json\/wp\/v2\/media?parent=6006"}],"wp:term":[{"taxonomy":"product_cat","embeddable":true,"href":"https:\/\/www.cbd-achat.ch\/es\/wp-json\/wp\/v2\/product_cat?post=6006"},{"taxonomy":"product_tag","embeddable":true,"href":"https:\/\/www.cbd-achat.ch\/es\/wp-json\/wp\/v2\/product_tag?post=6006"}],"curies":[{"name":"wp","href":"https:\/\/api.w.org\/{rel}","templated":true}]}}