{"id":6258,"date":"2019-05-25T06:35:07","date_gmt":"2019-05-25T04:35:07","guid":{"rendered":"https:\/\/www.cbd-achat.ch\/produit\/reduction-en-metal-o250-200mm\/"},"modified":"2019-05-25T06:35:07","modified_gmt":"2019-05-25T04:35:07","slug":"reduction-en-metal-o250-200mm","status":"publish","type":"product","link":"https:\/\/www.cbd-achat.ch\/es\/produit\/reduction-en-metal-o250-200mm\/","title":{"rendered":"R\u00e9duction en m\u00e9tal \u00f8250-200mm"},"content":{"rendered":"<\/p>\n<p>R\u00e9duction en m\u00e9tal \u00f8250-200mm<\/p>\n<p>R\u00e9ducteur en metal, tr\u00e8s robuste.<br \/>  Permet de passer d&#8217;un diametre 250mm \u00e0 un diametre 200mm.<\/p>\n","protected":false},"excerpt":{"rendered":"<p>R\u00e9duction en m\u00e9tal \u00f8250-200mm R\u00e9ducteur en metal, tr\u00e8s robuste. Permet de passer d&#8217;un diametre 250mm \u00e0 un diametre 200mm.<\/p>\n","protected":false},"featured_media":6257,"comment_status":"open","ping_status":"closed","template":"","meta":[],"product_cat":[232],"product_tag":[533,531,526,528,522,523,525,524,532,521,534,527,529,530],"_links":{"self":[{"href":"https:\/\/www.cbd-achat.ch\/es\/wp-json\/wp\/v2\/product\/6258"}],"collection":[{"href":"https:\/\/www.cbd-achat.ch\/es\/wp-json\/wp\/v2\/product"}],"about":[{"href":"https:\/\/www.cbd-achat.ch\/es\/wp-json\/wp\/v2\/types\/product"}],"replies":[{"embeddable":true,"href":"https:\/\/www.cbd-achat.ch\/es\/wp-json\/wp\/v2\/comments?post=6258"}],"wp:featuredmedia":[{"embeddable":true,"href":"https:\/\/www.cbd-achat.ch\/es\/wp-json\/wp\/v2\/media\/6257"}],"wp:attachment":[{"href":"https:\/\/www.cbd-achat.ch\/es\/wp-json\/wp\/v2\/media?parent=6258"}],"wp:term":[{"taxonomy":"product_cat","embeddable":true,"href":"https:\/\/www.cbd-achat.ch\/es\/wp-json\/wp\/v2\/product_cat?post=6258"},{"taxonomy":"product_tag","embeddable":true,"href":"https:\/\/www.cbd-achat.ch\/es\/wp-json\/wp\/v2\/product_tag?post=6258"}],"curies":[{"name":"wp","href":"https:\/\/api.w.org\/{rel}","templated":true}]}}