{"id":6269,"date":"2019-05-25T06:35:07","date_gmt":"2019-05-25T04:35:07","guid":{"rendered":"https:\/\/www.cbd-achat.ch\/produit\/ca-hl-reduction-o125-100mm\/"},"modified":"2019-05-25T06:35:07","modified_gmt":"2019-05-25T04:35:07","slug":"ca-hl-reduction-o125-100mm","status":"publish","type":"product","link":"https:\/\/www.cbd-achat.ch\/es\/produit\/ca-hl-reduction-o125-100mm\/","title":{"rendered":"CA HL R\u00e9duction, \u00d8125-100mm"},"content":{"rendered":"<\/p>\n<p>CA HL R\u00e9duction, \u00d8125-100mm<\/p>\n<p>  R\u00e9ducteur en plastique\u00a0<br \/>  Permet de passer d&#8217;un diametre \u00d8125 de \u00d8100mm.<\/p>\n<p>  \u00a0<\/p>\n","protected":false},"excerpt":{"rendered":"<p>CA HL R\u00e9duction, \u00d8125-100mm R\u00e9ducteur en plastique\u00a0 Permet de passer d&#8217;un diametre \u00d8125 de \u00d8100mm. \u00a0<\/p>\n","protected":false},"featured_media":6267,"comment_status":"open","ping_status":"closed","template":"","meta":[],"product_cat":[232],"product_tag":[533,531,526,528,522,523,525,524,532,521,534,527,529,530],"_links":{"self":[{"href":"https:\/\/www.cbd-achat.ch\/es\/wp-json\/wp\/v2\/product\/6269"}],"collection":[{"href":"https:\/\/www.cbd-achat.ch\/es\/wp-json\/wp\/v2\/product"}],"about":[{"href":"https:\/\/www.cbd-achat.ch\/es\/wp-json\/wp\/v2\/types\/product"}],"replies":[{"embeddable":true,"href":"https:\/\/www.cbd-achat.ch\/es\/wp-json\/wp\/v2\/comments?post=6269"}],"wp:featuredmedia":[{"embeddable":true,"href":"https:\/\/www.cbd-achat.ch\/es\/wp-json\/wp\/v2\/media\/6267"}],"wp:attachment":[{"href":"https:\/\/www.cbd-achat.ch\/es\/wp-json\/wp\/v2\/media?parent=6269"}],"wp:term":[{"taxonomy":"product_cat","embeddable":true,"href":"https:\/\/www.cbd-achat.ch\/es\/wp-json\/wp\/v2\/product_cat?post=6269"},{"taxonomy":"product_tag","embeddable":true,"href":"https:\/\/www.cbd-achat.ch\/es\/wp-json\/wp\/v2\/product_tag?post=6269"}],"curies":[{"name":"wp","href":"https:\/\/api.w.org\/{rel}","templated":true}]}}