{"id":6665,"date":"2019-05-25T06:35:07","date_gmt":"2019-05-25T04:35:07","guid":{"rendered":"https:\/\/www.cbd-achat.ch\/produit\/pompe-mc-320-320l-h\/"},"modified":"2019-05-25T06:35:07","modified_gmt":"2019-05-25T04:35:07","slug":"pompe-mc-320-320l-h","status":"publish","type":"product","link":"https:\/\/www.cbd-achat.ch\/es\/produit\/pompe-mc-320-320l-h\/","title":{"rendered":"Pompe MC 320, 320l\/h"},"content":{"rendered":"<\/p>\n<p>Pompe MC 320, 320l\/h<\/p>\n<p>  Cette pompe silencieuse est \u00e9quip\u00e9e d&#8217;un moteur\u00a0auto-prot\u00e9g\u00e9 en cas de surchauffe et ne consomme que tr\u00e8s peu d&#8217;\u00e9nergie.\u00a0<\/p>\n<p>\u00a0<br \/>  En retirant le syst\u00e8me de r\u00e9gulation du d\u00e9bit et en installant l\u2019admission\u00a0sp\u00e9ciale avec la grille, il est possible d\u2019obtenir un filtre \u00e9conomique et efficace. Cette\u00a0admission rotative permet de r\u00e9gler le d\u00e9bit d\u2019eau.<\/p>\n<p>\u00a0<\/p>\n<p>D\u00e9bit variable : de 120 \u00e0 320 l\/h<br \/>  Consommation : 7\u00a0Watts\u00a0<br \/>  Hauteur colonne d&#8217;eau maximale : 0,45 m\u00e8tre<\/p>\n<p>  \u00a0<\/p>\n","protected":false},"excerpt":{"rendered":"<p>Pompe MC 320, 320l\/h Cette pompe silencieuse est \u00e9quip\u00e9e d&#8217;un moteur\u00a0auto-prot\u00e9g\u00e9 en cas de surchauffe et ne consomme que tr\u00e8s peu d&#8217;\u00e9nergie.\u00a0 \u00a0 En retirant le syst\u00e8me de r\u00e9gulation du d\u00e9bit et en installant l\u2019admission\u00a0sp\u00e9ciale avec la grille, il est possible d\u2019obtenir un filtre \u00e9conomique et efficace. Cette\u00a0admission rotative permet [&hellip;]<\/p>\n","protected":false},"featured_media":6663,"comment_status":"open","ping_status":"closed","template":"","meta":[],"product_cat":[244],"product_tag":[533,531,526,528,522,523,525,524,532,521,534,527,529,530],"_links":{"self":[{"href":"https:\/\/www.cbd-achat.ch\/es\/wp-json\/wp\/v2\/product\/6665"}],"collection":[{"href":"https:\/\/www.cbd-achat.ch\/es\/wp-json\/wp\/v2\/product"}],"about":[{"href":"https:\/\/www.cbd-achat.ch\/es\/wp-json\/wp\/v2\/types\/product"}],"replies":[{"embeddable":true,"href":"https:\/\/www.cbd-achat.ch\/es\/wp-json\/wp\/v2\/comments?post=6665"}],"wp:featuredmedia":[{"embeddable":true,"href":"https:\/\/www.cbd-achat.ch\/es\/wp-json\/wp\/v2\/media\/6663"}],"wp:attachment":[{"href":"https:\/\/www.cbd-achat.ch\/es\/wp-json\/wp\/v2\/media?parent=6665"}],"wp:term":[{"taxonomy":"product_cat","embeddable":true,"href":"https:\/\/www.cbd-achat.ch\/es\/wp-json\/wp\/v2\/product_cat?post=6665"},{"taxonomy":"product_tag","embeddable":true,"href":"https:\/\/www.cbd-achat.ch\/es\/wp-json\/wp\/v2\/product_tag?post=6665"}],"curies":[{"name":"wp","href":"https:\/\/api.w.org\/{rel}","templated":true}]}}