{"id":7127,"date":"2019-05-25T06:35:07","date_gmt":"2019-05-25T04:35:07","guid":{"rendered":"https:\/\/www.cbd-achat.ch\/produit\/floracoco-grow-1l-ghe\/"},"modified":"2019-05-25T06:35:07","modified_gmt":"2019-05-25T04:35:07","slug":"floracoco-grow-1l-ghe","status":"publish","type":"product","link":"https:\/\/www.cbd-achat.ch\/es\/produit\/floracoco-grow-1l-ghe\/","title":{"rendered":"FloraCoco Grow 1L GHE"},"content":{"rendered":"<\/p>\n<p>FloraCoco Grow 1L GHE<br \/>  \u00a0<\/p>\n<h1>FloraCoco<\/h1>\n<p>FloraCoco est un engrais de qualit\u00e9 sup\u00e9rieure, efficace, formul\u00e9 sp\u00e9cifiquement pour vous procurer les meilleurs r\u00e9sultats sur fibre de coco.<\/p>\n<p>Cette formule puissante, unique, et compl\u00e8te, qui contient assez de calcium et magn\u00e9sium pour assurer \u00e0 votre plante une excellente croissance, sans avoir recours aux suppl\u00e9ments de calcium, de magn\u00e9sium et de phosphore n\u00e9cessaires \u00e0 la majorit\u00e9 des engrais pour fibre de coco existant sur le march\u00e9.<\/p>\n<ul>\n<li>D\u2019utilisation facile, c\u2019est une formule en 2 parties, Grow et Bloom<\/li>\n<li>Formul\u00e9e pour une croissance vigoureuse et une floraison abondante<\/li>\n<li>Contient assez de calcium et de magn\u00e9sium et ne n\u00e9cessite aucun additif<\/li>\n<li>Assure des r\u00e9sultats constants et stables.<\/li>\n<\/ul>\n<p>FloraCoco apporte \u00e0 la plante une nourriture compl\u00e8te et \u00e9quilibr\u00e9e pour la phase v\u00e9g\u00e9tative (FloraGrow) ainsi que pour la floraison et la fructification (FloraCoco Bloom). Pour obtenir les meilleurs r\u00e9sultats, utilisez FloraCoco avec CocoTek, notre substrat sp\u00e9cial coco.<\/p>\n<h2>FloraCoco Grow<\/h2>\n<p>FloraCoco Grow procure une nutrition compl\u00e8te et \u00e9quilibr\u00e9e durant la phase v\u00e9g\u00e9tative. Cette formule unique comprend des niveaux \u00e9lev\u00e9s de notre m\u00e9lange sp\u00e9cial \u00ab\u00a0calcium\/magn\u00e9sium\u00a0\u00bb.<\/p>\n<p>  \u00a0<\/p>\n","protected":false},"excerpt":{"rendered":"<p>FloraCoco Grow 1L GHE \u00a0 FloraCoco FloraCoco est un engrais de qualit\u00e9 sup\u00e9rieure, efficace, formul\u00e9 sp\u00e9cifiquement pour vous procurer les meilleurs r\u00e9sultats sur fibre de coco. Cette formule puissante, unique, et compl\u00e8te, qui contient assez de calcium et magn\u00e9sium pour assurer \u00e0 votre plante une excellente croissance, sans avoir recours [&hellip;]<\/p>\n","protected":false},"featured_media":7125,"comment_status":"open","ping_status":"closed","template":"","meta":[],"product_cat":[363],"product_tag":[533,531,526,528,522,523,525,524,532,521,534,527,529,530],"_links":{"self":[{"href":"https:\/\/www.cbd-achat.ch\/es\/wp-json\/wp\/v2\/product\/7127"}],"collection":[{"href":"https:\/\/www.cbd-achat.ch\/es\/wp-json\/wp\/v2\/product"}],"about":[{"href":"https:\/\/www.cbd-achat.ch\/es\/wp-json\/wp\/v2\/types\/product"}],"replies":[{"embeddable":true,"href":"https:\/\/www.cbd-achat.ch\/es\/wp-json\/wp\/v2\/comments?post=7127"}],"wp:featuredmedia":[{"embeddable":true,"href":"https:\/\/www.cbd-achat.ch\/es\/wp-json\/wp\/v2\/media\/7125"}],"wp:attachment":[{"href":"https:\/\/www.cbd-achat.ch\/es\/wp-json\/wp\/v2\/media?parent=7127"}],"wp:term":[{"taxonomy":"product_cat","embeddable":true,"href":"https:\/\/www.cbd-achat.ch\/es\/wp-json\/wp\/v2\/product_cat?post=7127"},{"taxonomy":"product_tag","embeddable":true,"href":"https:\/\/www.cbd-achat.ch\/es\/wp-json\/wp\/v2\/product_tag?post=7127"}],"curies":[{"name":"wp","href":"https:\/\/api.w.org\/{rel}","templated":true}]}}