{"id":7164,"date":"2019-05-25T06:35:07","date_gmt":"2019-05-25T04:35:07","guid":{"rendered":"https:\/\/www.cbd-achat.ch\/produit\/biobloom-250ml-ghe\/"},"modified":"2019-05-25T06:35:07","modified_gmt":"2019-05-25T04:35:07","slug":"biobloom-250ml-ghe","status":"publish","type":"product","link":"https:\/\/www.cbd-achat.ch\/es\/produit\/biobloom-250ml-ghe\/","title":{"rendered":"BioBloom 250ml GHE"},"content":{"rendered":"<\/p>\n<p>BioBloom 250ml GHE<\/p>\n<p>  Bio Bloom est\u00a0stimulateur de floraison<\/p>\n<p>&#8211; Favorise l&#8217;assimilation du calcium<br \/>  &#8211; Les feuilles sont beaucoup plus grandes et la photosynth\u00e8se est am\u00e9lior\u00e9e.<br \/>  &#8211; L&#8217;activation des micro-organismes stimule la circulation et l&#8217;absorption des nutriments.<br \/>  &#8211; Favorise la croissance et la floraison des plantes de plus de 20 %.\u00a0<br \/>  &#8211; La r\u00e9colte devient plus saine et le rendement plus \u00e9lev\u00e9.<br \/>  &#8211; Assure une r\u00e9partition harmonieuse des nutriments<\/p>\n<p>Application :\u00a0<br \/>  2ml dans 10 litres d&#8217;eau\u00a0<\/p>\n<p>  \u00a0<\/p>\n","protected":false},"excerpt":{"rendered":"<p>BioBloom 250ml GHE Bio Bloom est\u00a0stimulateur de floraison &#8211; Favorise l&#8217;assimilation du calcium &#8211; Les feuilles sont beaucoup plus grandes et la photosynth\u00e8se est am\u00e9lior\u00e9e. &#8211; L&#8217;activation des micro-organismes stimule la circulation et l&#8217;absorption des nutriments. &#8211; Favorise la croissance et la floraison des plantes de plus de 20 %.\u00a0 [&hellip;]<\/p>\n","protected":false},"featured_media":7163,"comment_status":"open","ping_status":"closed","template":"","meta":[],"product_cat":[364],"product_tag":[533,531,526,528,522,523,525,524,532,521,534,527,529,530],"_links":{"self":[{"href":"https:\/\/www.cbd-achat.ch\/es\/wp-json\/wp\/v2\/product\/7164"}],"collection":[{"href":"https:\/\/www.cbd-achat.ch\/es\/wp-json\/wp\/v2\/product"}],"about":[{"href":"https:\/\/www.cbd-achat.ch\/es\/wp-json\/wp\/v2\/types\/product"}],"replies":[{"embeddable":true,"href":"https:\/\/www.cbd-achat.ch\/es\/wp-json\/wp\/v2\/comments?post=7164"}],"wp:featuredmedia":[{"embeddable":true,"href":"https:\/\/www.cbd-achat.ch\/es\/wp-json\/wp\/v2\/media\/7163"}],"wp:attachment":[{"href":"https:\/\/www.cbd-achat.ch\/es\/wp-json\/wp\/v2\/media?parent=7164"}],"wp:term":[{"taxonomy":"product_cat","embeddable":true,"href":"https:\/\/www.cbd-achat.ch\/es\/wp-json\/wp\/v2\/product_cat?post=7164"},{"taxonomy":"product_tag","embeddable":true,"href":"https:\/\/www.cbd-achat.ch\/es\/wp-json\/wp\/v2\/product_tag?post=7164"}],"curies":[{"name":"wp","href":"https:\/\/api.w.org\/{rel}","templated":true}]}}