{"id":7408,"date":"2019-05-25T06:35:07","date_gmt":"2019-05-25T04:35:07","guid":{"rendered":"https:\/\/www.cbd-achat.ch\/produit\/leafcoat-5l-2\/"},"modified":"2019-05-25T06:35:07","modified_gmt":"2019-05-25T04:35:07","slug":"leafcoat-5l-2","status":"publish","type":"product","link":"https:\/\/www.cbd-achat.ch\/es\/produit\/leafcoat-5l-2\/","title":{"rendered":"Leafcoat 5l"},"content":{"rendered":"<\/p>\n<p>LeafCoat est 100% organique et est utilis\u00e9 contre les champignons et les parasites. Ce produit est disponible pour une utilisation imm\u00e9diate (Ready To Use) con\u00e7u pour r\u00e9duire l&#8217;\u00e9vaporation de l&#8217;eau \u00e0 partir de latex naturel. LeafCoat renforce les plantes et a un effet r\u00e9pulsif sur les ravageurs. Il prot\u00e8ge vos plantes contre les champignons foliaires.<\/p>\n<p>  champ d&#8217;application:<br \/>  LeafCoat peut \u00eatre utilis\u00e9 commod\u00e9ment \u00abbo\u00eete off&#8221;, car il a un pulv\u00e9risateur int\u00e9gr\u00e9.<br \/>  Engrais foliaire \u00e0 utiliser directement comme un additif \u00e0 la nourriture habituelle. Tant dans la phase de croissance et dans la fleur de l&#8217;utilisation jusqu&#8217;\u00e0 deux semaines avant la r\u00e9colte.<\/p>\n<p>  dosage:<br \/>  Pulv\u00e9risation directe sur la feuille sup\u00e9rieure et inf\u00e9rieure. Inject\u00e9 pr\u00e9cis\u00e9ment et uniform\u00e9ment. Traitement de pr\u00e9f\u00e9rence le matin ou le soir pour \u00e9viter plein soleil. R\u00e9p\u00e9ter chaque semaine.<\/p>\n","protected":false},"excerpt":{"rendered":"<p>LeafCoat est 100% organique et est utilis\u00e9 contre les champignons et les parasites. Ce produit est disponible pour une utilisation imm\u00e9diate (Ready To Use) con\u00e7u pour r\u00e9duire l&#8217;\u00e9vaporation de l&#8217;eau \u00e0 partir de latex naturel. LeafCoat renforce les plantes et a un effet r\u00e9pulsif sur les ravageurs. Il prot\u00e8ge vos [&hellip;]<\/p>\n","protected":false},"featured_media":7407,"comment_status":"open","ping_status":"closed","template":"","meta":[],"product_cat":[375],"product_tag":[533,531,526,528,522,523,525,524,532,521,534,527,529,530],"_links":{"self":[{"href":"https:\/\/www.cbd-achat.ch\/es\/wp-json\/wp\/v2\/product\/7408"}],"collection":[{"href":"https:\/\/www.cbd-achat.ch\/es\/wp-json\/wp\/v2\/product"}],"about":[{"href":"https:\/\/www.cbd-achat.ch\/es\/wp-json\/wp\/v2\/types\/product"}],"replies":[{"embeddable":true,"href":"https:\/\/www.cbd-achat.ch\/es\/wp-json\/wp\/v2\/comments?post=7408"}],"wp:featuredmedia":[{"embeddable":true,"href":"https:\/\/www.cbd-achat.ch\/es\/wp-json\/wp\/v2\/media\/7407"}],"wp:attachment":[{"href":"https:\/\/www.cbd-achat.ch\/es\/wp-json\/wp\/v2\/media?parent=7408"}],"wp:term":[{"taxonomy":"product_cat","embeddable":true,"href":"https:\/\/www.cbd-achat.ch\/es\/wp-json\/wp\/v2\/product_cat?post=7408"},{"taxonomy":"product_tag","embeddable":true,"href":"https:\/\/www.cbd-achat.ch\/es\/wp-json\/wp\/v2\/product_tag?post=7408"}],"curies":[{"name":"wp","href":"https:\/\/api.w.org\/{rel}","templated":true}]}}