{"id":7734,"date":"2019-05-25T07:31:02","date_gmt":"2019-05-25T05:31:02","guid":{"rendered":"https:\/\/www.cbd-achat.ch\/produit\/acti-vera-biobizz-1l-4\/"},"modified":"2019-05-25T07:31:02","modified_gmt":"2019-05-25T05:31:02","slug":"acti-vera-biobizz-1l-4","status":"publish","type":"product","link":"https:\/\/www.cbd-achat.ch\/es\/produit\/acti-vera-biobizz-1l-4\/","title":{"rendered":"Acti-Vera BioBizz, 1l"},"content":{"rendered":"<\/p>\n<p>Acti-Vera BioBizz, 1l<\/p>\n<p>  Il s\u2019agit d\u2019un stimulateur botanique organique de grande qualit\u00e9.<\/p>\n<p>Ce qui le rend sp\u00e9cial est le fait qu\u2019il soit extrait de plantes et qu\u2019il soit \u00e9labor\u00e9 afin d\u2019\u00eatre assimil\u00e9 par les plantes, ce qui en fait un compl\u00e9ment totalement\u00a0v\u00e9ganique.<\/p>\n<p>L\u2019Aloe Vera\u00a0agit comme antibact\u00e9rien, detoxifiant et hydratant. De plus il s\u2019agit d\u2019un excellent antioxydant qui ag\u00eet de fa\u00e7on similaire quand il est absorb\u00e9 par les plantes, gr\u00e2ce \u00e0 ses\u00a075 nutriments.<\/p>\n<p>Acti-Vera\u00a0na\u00eet ainsi d\u2019un intense travail de recherches et d\u2019\u00e9tudes de la plante, surveillant son m\u00e9tabolisme afin que nos plantes de cannabis poussent avec une plus grande\u00a0vitalit\u00e9\u00a0et la plus grande\u00a0vigueur\u00a0possible.<\/p>\n<p>Acti-Vera\u00a0prot\u00e8ge et stimule le syst\u00e8me immunitaire\u00a0du\u00a0cannabis, augmentant ainsi l\u2019assimilation des nutriments en m\u00eame temps qu\u2019il d\u00e9compose les sucres pour qu\u2019ils soient m\u00e9tabolis\u00e9s avec une plus grande facilit\u00e9. D\u2019un autre c\u00f4t\u00e9, il\u00a0encourage la fabrication des racines\u00a0augmentant ainsi l\u2019ar\u00f4me de nos fleurs afin qu\u2019elles montrent tout leur potentiel organoleptique.<\/p>\n<p>Ce produit \u00e0 base d\u2019extraits v\u00e9g\u00e9taux\u00a0rend nos plantes plus\u00a0fortes,\u00a0saines\u00a0etbelles, de plus elles poussent et fleurissent avec une plus grande facilit\u00e9.<\/p>\n<p>1 \u00e0 5 ml\u00a0de produit par Litre d\u2019eau pour chaque arrosage doivent \u00eatre appliqu\u00e9. Il est compatible avec les plantes comestibles, ornementale et p\u00e9renne, aussi bien encroissance\u00a0qu\u2019en\u00a0floraison, en int\u00e9rieur comme en ext\u00e9rieur. Ce produit peut \u00e9galement \u00eatre appliqu\u00e9 par voir\u00a0foliaire.<\/p>\n<p>Caract\u00e9ristique de Acti-Vera 1L de BioBizz:<\/p>\n<p>&#8211; Stimule la vigueur des plantes<br \/>  &#8211; Am\u00e9liore le syst\u00e8me immunitaire des plantes, leur vitalit\u00e9 mais \u00e9galement leur syst\u00e8me racinaire<br \/>  &#8211; Produit des fleurs plus savoureuse et plus aromatique<br \/>  &#8211; D\u00e9compose les sucres et favorise l\u2019assimilation des nutriments des plantes, acc\u00e9l\u00e9rant leur m\u00e9tabolisme et obtenant ainsi un meilleur d\u00e9veloppement<br \/>  &#8211; Dose : 1 \u00e0 2 ml\/L en croissance, jusqu\u2019\u00e0 5ml\/L en floraison<\/p>\n","protected":false},"excerpt":{"rendered":"<p>Acti-Vera BioBizz, 1l Il s\u2019agit d\u2019un stimulateur botanique organique de grande qualit\u00e9. Ce qui le rend sp\u00e9cial est le fait qu\u2019il soit extrait de plantes et qu\u2019il soit \u00e9labor\u00e9 afin d\u2019\u00eatre assimil\u00e9 par les plantes, ce qui en fait un compl\u00e9ment totalement\u00a0v\u00e9ganique. L\u2019Aloe Vera\u00a0agit comme antibact\u00e9rien, detoxifiant et hydratant. De [&hellip;]<\/p>\n","protected":false},"featured_media":7733,"comment_status":"open","ping_status":"closed","template":"","meta":[],"product_cat":[375],"product_tag":[533,531,526,528,522,523,525,524,532,521,534,527,529,530],"_links":{"self":[{"href":"https:\/\/www.cbd-achat.ch\/es\/wp-json\/wp\/v2\/product\/7734"}],"collection":[{"href":"https:\/\/www.cbd-achat.ch\/es\/wp-json\/wp\/v2\/product"}],"about":[{"href":"https:\/\/www.cbd-achat.ch\/es\/wp-json\/wp\/v2\/types\/product"}],"replies":[{"embeddable":true,"href":"https:\/\/www.cbd-achat.ch\/es\/wp-json\/wp\/v2\/comments?post=7734"}],"wp:featuredmedia":[{"embeddable":true,"href":"https:\/\/www.cbd-achat.ch\/es\/wp-json\/wp\/v2\/media\/7733"}],"wp:attachment":[{"href":"https:\/\/www.cbd-achat.ch\/es\/wp-json\/wp\/v2\/media?parent=7734"}],"wp:term":[{"taxonomy":"product_cat","embeddable":true,"href":"https:\/\/www.cbd-achat.ch\/es\/wp-json\/wp\/v2\/product_cat?post=7734"},{"taxonomy":"product_tag","embeddable":true,"href":"https:\/\/www.cbd-achat.ch\/es\/wp-json\/wp\/v2\/product_tag?post=7734"}],"curies":[{"name":"wp","href":"https:\/\/api.w.org\/{rel}","templated":true}]}}