{"id":7755,"date":"2019-05-25T07:31:02","date_gmt":"2019-05-25T05:31:02","guid":{"rendered":"https:\/\/www.cbd-achat.ch\/produit\/biovega-1l-canna-2\/"},"modified":"2019-05-25T07:31:02","modified_gmt":"2019-05-25T05:31:02","slug":"biovega-1l-canna-2","status":"publish","type":"product","link":"https:\/\/www.cbd-achat.ch\/es\/produit\/biovega-1l-canna-2\/","title":{"rendered":"BioVega, 1l Canna"},"content":{"rendered":"<\/p>\n<p>Merci Bio Vega BIOCANNA il est maintenant tr\u00e8s facile \u00e0 \u00e9lever ses propres l\u00e9gumes bio ou ses propres fleurs 100% certifi\u00e9s biologiques.<br \/>  Ce qui est d\u00e9j\u00e0 administr\u00e9 seul un sp\u00e9cialiste ou un expert d&#8217;engrais, ne importe qui peut facilement appliquer maintenant jouer \u00e0 la maison.<br \/>  100% des engrais organiques certifi\u00e9 biologique \u00e0 un grand prix. Biocanna a connu une r\u00e9duction de plus de 20% des prix dans les 2 derni\u00e8res ann\u00e9es.<\/p>\n<p>  Bio Vega a \u00e9t\u00e9 sp\u00e9cialement d\u00e9velopp\u00e9 pour la phase de plantes schnellwachsneden de croissance. BioVega est riche en b\u00e9ta\u00efne hautement absorbable est lib\u00e9r\u00e9 en fonction des besoins de la plante. De cette fa\u00e7on, m\u00eame de commencer leur p\u00e9riode de floraison est la plante de croissance la plus rapide.<\/p>\n<p>  Merci \u00e0 notre conscience de la sant\u00e9 accrue et une vision holistique de la Terre et une fertilisation biologique de l&#8217;organisme de notre nourriture est toujours plus \u00e0 l&#8217;avant-plan.<br \/>  Biologiquement est non seulement meilleur pour les gens et leur sant\u00e9, mais aussi meilleur pour la plan\u00e8te et tous ses habitants.<br \/>  Avec l&#8217;engrais biologique, le sol ne sera pas dispara\u00eetre. Bien au contraire par l&#8217;addition de micro-organismes dans le sol est de Canna Bio Vega nouvelle vie tr\u00e8s rapide et peut se r\u00e9g\u00e9n\u00e9rer. Ce est un peu impossible de fertiliser une Substart par l&#8217;\u00e9mission de Canna Bio Vega respectivement g\u00e2cher!<\/p>\n","protected":false},"excerpt":{"rendered":"<p>Merci Bio Vega BIOCANNA il est maintenant tr\u00e8s facile \u00e0 \u00e9lever ses propres l\u00e9gumes bio ou ses propres fleurs 100% certifi\u00e9s biologiques. Ce qui est d\u00e9j\u00e0 administr\u00e9 seul un sp\u00e9cialiste ou un expert d&#8217;engrais, ne importe qui peut facilement appliquer maintenant jouer \u00e0 la maison. 100% des engrais organiques certifi\u00e9 [&hellip;]<\/p>\n","protected":false},"featured_media":7754,"comment_status":"open","ping_status":"closed","template":"","meta":[],"product_cat":[377],"product_tag":[533,531,526,528,522,523,525,524,532,521,534,527,529,530],"_links":{"self":[{"href":"https:\/\/www.cbd-achat.ch\/es\/wp-json\/wp\/v2\/product\/7755"}],"collection":[{"href":"https:\/\/www.cbd-achat.ch\/es\/wp-json\/wp\/v2\/product"}],"about":[{"href":"https:\/\/www.cbd-achat.ch\/es\/wp-json\/wp\/v2\/types\/product"}],"replies":[{"embeddable":true,"href":"https:\/\/www.cbd-achat.ch\/es\/wp-json\/wp\/v2\/comments?post=7755"}],"wp:featuredmedia":[{"embeddable":true,"href":"https:\/\/www.cbd-achat.ch\/es\/wp-json\/wp\/v2\/media\/7754"}],"wp:attachment":[{"href":"https:\/\/www.cbd-achat.ch\/es\/wp-json\/wp\/v2\/media?parent=7755"}],"wp:term":[{"taxonomy":"product_cat","embeddable":true,"href":"https:\/\/www.cbd-achat.ch\/es\/wp-json\/wp\/v2\/product_cat?post=7755"},{"taxonomy":"product_tag","embeddable":true,"href":"https:\/\/www.cbd-achat.ch\/es\/wp-json\/wp\/v2\/product_tag?post=7755"}],"curies":[{"name":"wp","href":"https:\/\/api.w.org\/{rel}","templated":true}]}}