{"id":8001,"date":"2019-05-25T07:31:02","date_gmt":"2019-05-25T05:31:02","guid":{"rendered":"https:\/\/www.cbd-achat.ch\/produit\/metrop-aminoroot-1l\/"},"modified":"2019-05-25T07:31:02","modified_gmt":"2019-05-25T05:31:02","slug":"metrop-aminoroot-1l","status":"publish","type":"product","link":"https:\/\/www.cbd-achat.ch\/es\/produit\/metrop-aminoroot-1l\/","title":{"rendered":"Metrop AminoRoot, 1l"},"content":{"rendered":"<\/p>\n<p>Amino Root est un produit tr\u00e8s efficace, de haute qualit\u00e9 contenant des acides amin\u00e9s et des vitamines qui fournissent un m\u00e9tabolisme optimal dans le syst\u00e8me de racine, tige, feuilles, de la dentelle et de toutes les autres fonctions de croissance et de floraison visibles et invisibles peuvent fonctionner. Parce que ces acides amin\u00e9s ont \u00e9t\u00e9 obtenus par biosynth\u00e8se Metrop pourrait d\u00e9terminer le type et le montant des acides amin\u00e9s d&#8217;origine eux-m\u00eames. Cela signifie que la racine amin\u00e9 affecte non seulement les racines, mais aussi sur les feuilles, la tige, et l&#8217;Enzymbildung.Bei l&#8217;extraction des acides amin\u00e9s voies de biosynth\u00e8se des r\u00e9sultats dans une h\u00e9lice amin\u00e9 est \u00e0 seulement 700 DA par rapport \u00e0 la longueur 10 000 Da comme avec tous les autres cellule de plante de Produkten.Eine organique, avec seulement une h\u00e9lice max. 1500 DA longueur d&#8217;enregistrement. Cela signifie que les acides Root est ist.Das efficace tr\u00e8s rapidement surtout plantes qui sont expos\u00e9es au stress dans un tr\u00e8s court laps de temps visible.<\/p>\n<p>  &#8211; Prend en charge un d\u00e9veloppement explosif de la racine<br \/>  &#8211; Stimule la formation des racines des cheveux<br \/>  &#8211; Augmente la r\u00e9sistance contre les maladies des plantes<br \/>  &#8211; Augmente la r\u00e9sistance au stress<br \/>  &#8211; Renforce boutures affaiblies<br \/>  &#8211; Prend en charge la formation des hormones profondes<br \/>  &#8211; Stimule la production d&#8217;enzymes pour<br \/>  &#8211; Sans l&#8217;aide d&#8217;enzymes Absorb\u00e9 directement<br \/>  &#8211; Sans m\u00e9taux lourds<\/p>\n","protected":false},"excerpt":{"rendered":"<p>Amino Root est un produit tr\u00e8s efficace, de haute qualit\u00e9 contenant des acides amin\u00e9s et des vitamines qui fournissent un m\u00e9tabolisme optimal dans le syst\u00e8me de racine, tige, feuilles, de la dentelle et de toutes les autres fonctions de croissance et de floraison visibles et invisibles peuvent fonctionner. Parce que [&hellip;]<\/p>\n","protected":false},"featured_media":8000,"comment_status":"open","ping_status":"closed","template":"","meta":[],"product_cat":[265],"product_tag":[533,531,526,528,522,523,525,524,532,521,534,527,529,530],"_links":{"self":[{"href":"https:\/\/www.cbd-achat.ch\/es\/wp-json\/wp\/v2\/product\/8001"}],"collection":[{"href":"https:\/\/www.cbd-achat.ch\/es\/wp-json\/wp\/v2\/product"}],"about":[{"href":"https:\/\/www.cbd-achat.ch\/es\/wp-json\/wp\/v2\/types\/product"}],"replies":[{"embeddable":true,"href":"https:\/\/www.cbd-achat.ch\/es\/wp-json\/wp\/v2\/comments?post=8001"}],"wp:featuredmedia":[{"embeddable":true,"href":"https:\/\/www.cbd-achat.ch\/es\/wp-json\/wp\/v2\/media\/8000"}],"wp:attachment":[{"href":"https:\/\/www.cbd-achat.ch\/es\/wp-json\/wp\/v2\/media?parent=8001"}],"wp:term":[{"taxonomy":"product_cat","embeddable":true,"href":"https:\/\/www.cbd-achat.ch\/es\/wp-json\/wp\/v2\/product_cat?post=8001"},{"taxonomy":"product_tag","embeddable":true,"href":"https:\/\/www.cbd-achat.ch\/es\/wp-json\/wp\/v2\/product_tag?post=8001"}],"curies":[{"name":"wp","href":"https:\/\/api.w.org\/{rel}","templated":true}]}}