{"id":8064,"date":"2019-05-25T07:31:02","date_gmt":"2019-05-25T05:31:02","guid":{"rendered":"https:\/\/www.cbd-achat.ch\/produit\/wurzel-complex-10l-hesi\/"},"modified":"2019-05-25T07:31:02","modified_gmt":"2019-05-25T05:31:02","slug":"wurzel-complex-10l-hesi","status":"publish","type":"product","link":"https:\/\/www.cbd-achat.ch\/es\/produit\/wurzel-complex-10l-hesi\/","title":{"rendered":"Wurzel Complex 10L Hesi"},"content":{"rendered":"<\/p>\n<p>HESI Complexe Racinaire\u00a0est une formule v\u00e9g\u00e9tale qui permet une rapide et saine extension du syst\u00e8me radiculaire (racines) pour prendre un bon d\u00e9part. Id\u00e9al pour tous les supports de culture. Pour une meilleure assimilation des nutriments, ainsi qu&#8217;une activation bact\u00e9rienne du sol.<\/p>\n<p>R\u00e9sultat: une plante vert fonc\u00e9, des branches solides et de grosses t\u00eates.<\/p>\n<p>DOSAGE:<\/p>\n<p>50 ml\/10L d&#8217;eau. 25ml\/L d&#8217;eau pour les plantes m\u00e8re. Un litre est suffisant pour au minimum 400 litres d&#8217;eau d&#8217;arrosage.<\/p>\n<p>UTILISATION:<\/p>\n<p>Pour semis, boutures et plantes stress\u00e9es. Le\u00a0HESI Complexe Racinaire\u00a0\u00e0\u00a0 un pH neutre et un EC faible lui permettant d&#8217;\u00eatre associ\u00e9 avec des nutriments. Hesi Complexe Racinaire est parfaitement compl\u00e9t\u00e9 par Hesi Super Vit.<\/p>\n<p>COMPOSITION:<\/p>\n<p>Oligo-\u00e9l\u00e9ments: fer, mangan\u00e8se, zinc, cuivre, bore, molybd\u00e8ne, iode et cobalt (=vit. B12) sous forme de complexes, en plus des vitamines B1, B2, B12, de l&#8217;acide folique, des sucres de plantes, des aminoacides tels que glycine, histidine et tryptophane, et des enzymes.<\/p>\n","protected":false},"excerpt":{"rendered":"<p>HESI Complexe Racinaire\u00a0est une formule v\u00e9g\u00e9tale qui permet une rapide et saine extension du syst\u00e8me radiculaire (racines) pour prendre un bon d\u00e9part. Id\u00e9al pour tous les supports de culture. Pour une meilleure assimilation des nutriments, ainsi qu&#8217;une activation bact\u00e9rienne du sol. R\u00e9sultat: une plante vert fonc\u00e9, des branches solides et [&hellip;]<\/p>\n","protected":false},"featured_media":8062,"comment_status":"open","ping_status":"closed","template":"","meta":[],"product_cat":[266],"product_tag":[533,531,526,528,522,523,525,524,532,521,534,527,529,530],"_links":{"self":[{"href":"https:\/\/www.cbd-achat.ch\/es\/wp-json\/wp\/v2\/product\/8064"}],"collection":[{"href":"https:\/\/www.cbd-achat.ch\/es\/wp-json\/wp\/v2\/product"}],"about":[{"href":"https:\/\/www.cbd-achat.ch\/es\/wp-json\/wp\/v2\/types\/product"}],"replies":[{"embeddable":true,"href":"https:\/\/www.cbd-achat.ch\/es\/wp-json\/wp\/v2\/comments?post=8064"}],"wp:featuredmedia":[{"embeddable":true,"href":"https:\/\/www.cbd-achat.ch\/es\/wp-json\/wp\/v2\/media\/8062"}],"wp:attachment":[{"href":"https:\/\/www.cbd-achat.ch\/es\/wp-json\/wp\/v2\/media?parent=8064"}],"wp:term":[{"taxonomy":"product_cat","embeddable":true,"href":"https:\/\/www.cbd-achat.ch\/es\/wp-json\/wp\/v2\/product_cat?post=8064"},{"taxonomy":"product_tag","embeddable":true,"href":"https:\/\/www.cbd-achat.ch\/es\/wp-json\/wp\/v2\/product_tag?post=8064"}],"curies":[{"name":"wp","href":"https:\/\/api.w.org\/{rel}","templated":true}]}}