{"id":8229,"date":"2019-05-25T07:31:02","date_gmt":"2019-05-25T05:31:02","guid":{"rendered":"https:\/\/www.cbd-achat.ch\/produit\/vitalize-5-litres-mills\/"},"modified":"2019-05-25T07:31:02","modified_gmt":"2019-05-25T05:31:02","slug":"vitalize-5-litres-mills","status":"publish","type":"product","link":"https:\/\/www.cbd-achat.ch\/es\/produit\/vitalize-5-litres-mills\/","title":{"rendered":"Vitalize 5 Litres Mills"},"content":{"rendered":"<\/p>\n<p>Vitalize 5 Litres Mills<br \/>  \u00a0<\/p>\n<p>Chaque homme, animal ou plante a besoin de silicium. Les plantes l\u2019utilisent pour devenir plus fortes et pour mieux se prot\u00e9ger des bact\u00e9ries et des maladies. Mills silicium r\u00e9pond aux besoins des cultures gr\u00e2ce \u00e0 un m\u00e9lange unique et r\u00e9volutionnaire \u00e0 base d\u2019un silicium qui est 1000 fois mieux absorb\u00e9 que les engrais traditionnels. Le r\u00e9sultat sont des plantes plus vertes, plus saines et plus fortes, offrant un rendement impressionnant.<\/p>\n<p>*Prot\u00e8ge vos cultures de mani\u00e8re naturelle<br \/>  *Une forme de silicium biodisponible unique, concentr\u00e9e et stabilis\u00e9e\u00a0<br \/>  *Contient une dose de silicium dissoluble dans l\u2019eau 1 000 fois plus active que les engrais traditionnels \u00e0 base de silicium\u00a0<br \/>  *\u00c0 utiliser comme engrais foliaire<br \/>  *Ne contient pas de substances toxiques et ne laisse pas de r\u00e9sidus dans les produits<br \/>  *Am\u00e9liore la r\u00e9sistance des cultures aux maladies<br \/>  *Am\u00e9liore la r\u00e9sistance des cultures aux insectes<br \/>  *Aide \u00e0 am\u00e9liorer la tol\u00e9rance des plantes vis-\u00e0-vis des facteurs de stress abiotiques, tels le *stress hydrique, la temp\u00e9rature, la salinit\u00e9 etc.<br \/>  *Agit comme biostimulant dans le syst\u00e8me v\u00e9g\u00e9tal<br \/>  *Am\u00e9liore la facult\u00e9 germinative dans des circonstances de salinit\u00e9 et de s\u00e9cheresse<br \/>  *Am\u00e9liore le syst\u00e8me racinaire, tant en longueur qu\u2019en poids<br \/>  *Diminue la transpiration v\u00e9g\u00e9tale et optimalise la gestion de l\u2019eau<br \/>  *Am\u00e9liore l\u2019absorption des nutriments et leur utilisation par le syst\u00e8me v\u00e9g\u00e9tal\u00a0<br \/>  *Immobilise les m\u00e9taux lourds toxiques<br \/>  *Meilleurs rendement et qualit\u00e9 des produits<br \/>  *Diminue la perte d\u2019eau dans les fruits et l\u00e9gumes apr\u00e8s la r\u00e9colte<br \/>  *Am\u00e9liore la dur\u00e9e de conservation des fruits et l\u00e9gumes<br \/>  *Peut \u00eatre m\u00e9lang\u00e9 \u00e0 des engrais ou pesticides normaux<br \/>  *Peut \u00eatre utilis\u00e9 pour tout type de culture<\/p>\n<p>Mills Vitalize une forme de silicium biodisponible unique, concentr\u00e9e et stabilis\u00e9e, contient une dose de silicium dissoluble dans l\u2019eau 1 000 fois plus active que les engrais traditionnels \u00e0 base de silicium<\/p>\n","protected":false},"excerpt":{"rendered":"<p>Vitalize 5 Litres Mills \u00a0 Chaque homme, animal ou plante a besoin de silicium. Les plantes l\u2019utilisent pour devenir plus fortes et pour mieux se prot\u00e9ger des bact\u00e9ries et des maladies. Mills silicium r\u00e9pond aux besoins des cultures gr\u00e2ce \u00e0 un m\u00e9lange unique et r\u00e9volutionnaire \u00e0 base d\u2019un silicium qui [&hellip;]<\/p>\n","protected":false},"featured_media":8228,"comment_status":"open","ping_status":"closed","template":"","meta":[],"product_cat":[272],"product_tag":[533,531,526,528,522,523,525,524,532,521,534,527,529,530],"_links":{"self":[{"href":"https:\/\/www.cbd-achat.ch\/es\/wp-json\/wp\/v2\/product\/8229"}],"collection":[{"href":"https:\/\/www.cbd-achat.ch\/es\/wp-json\/wp\/v2\/product"}],"about":[{"href":"https:\/\/www.cbd-achat.ch\/es\/wp-json\/wp\/v2\/types\/product"}],"replies":[{"embeddable":true,"href":"https:\/\/www.cbd-achat.ch\/es\/wp-json\/wp\/v2\/comments?post=8229"}],"wp:featuredmedia":[{"embeddable":true,"href":"https:\/\/www.cbd-achat.ch\/es\/wp-json\/wp\/v2\/media\/8228"}],"wp:attachment":[{"href":"https:\/\/www.cbd-achat.ch\/es\/wp-json\/wp\/v2\/media?parent=8229"}],"wp:term":[{"taxonomy":"product_cat","embeddable":true,"href":"https:\/\/www.cbd-achat.ch\/es\/wp-json\/wp\/v2\/product_cat?post=8229"},{"taxonomy":"product_tag","embeddable":true,"href":"https:\/\/www.cbd-achat.ch\/es\/wp-json\/wp\/v2\/product_tag?post=8229"}],"curies":[{"name":"wp","href":"https:\/\/api.w.org\/{rel}","templated":true}]}}