{"id":8663,"date":"2019-05-25T07:31:02","date_gmt":"2019-05-25T05:31:02","guid":{"rendered":"https:\/\/www.cbd-achat.ch\/produit\/pulverisateur-5-litres-aquaking-3\/"},"modified":"2019-05-25T07:31:02","modified_gmt":"2019-05-25T05:31:02","slug":"pulverisateur-5-litres-aquaking-3","status":"publish","type":"product","link":"https:\/\/www.cbd-achat.ch\/es\/produit\/pulverisateur-5-litres-aquaking-3\/","title":{"rendered":"Pulv\u00e9risateur 5 Litres Aquaking"},"content":{"rendered":"<\/p>\n<p>Pulv\u00e9risateur 5 Litres Aquaking<\/p>\n<p>  Le pulv\u00e9risateur Aquaking de 5 Litres\u00a0est un outil tr\u00e8s pratique, il est dot\u00e9 d\u2019une lance.<br \/>  Le r\u00e9servoir est gradu\u00e9 pour savoir, quelle est la dose que vous \u00eates en train d\u2019utiliser.<\/p>\n<p>  I d\u00e9al pour pulv\u00e9riser les boutures, semis, jeunes plants, &#8230;, pendant la phase de croissance.\u00a0<br \/>  Peut servir \u00e9galement pour la nutrition foliaire de vos plantes et aux\u00a0traitements divers de protection anti-parasites.<\/p>\n<p>  La lani\u00e8re facilite son transport et permet aussi de pulv\u00e9riser pendant que l\u2019on pompe.<\/p>\n<p>  \u00a0<\/p>\n","protected":false},"excerpt":{"rendered":"<p>Pulv\u00e9risateur 5 Litres Aquaking Le pulv\u00e9risateur Aquaking de 5 Litres\u00a0est un outil tr\u00e8s pratique, il est dot\u00e9 d\u2019une lance. Le r\u00e9servoir est gradu\u00e9 pour savoir, quelle est la dose que vous \u00eates en train d\u2019utiliser. I d\u00e9al pour pulv\u00e9riser les boutures, semis, jeunes plants, &#8230;, pendant la phase de croissance.\u00a0 [&hellip;]<\/p>\n","protected":false},"featured_media":8662,"comment_status":"open","ping_status":"closed","template":"","meta":[],"product_cat":[285],"product_tag":[533,531,526,528,522,523,525,524,532,521,534,527,529,530],"_links":{"self":[{"href":"https:\/\/www.cbd-achat.ch\/es\/wp-json\/wp\/v2\/product\/8663"}],"collection":[{"href":"https:\/\/www.cbd-achat.ch\/es\/wp-json\/wp\/v2\/product"}],"about":[{"href":"https:\/\/www.cbd-achat.ch\/es\/wp-json\/wp\/v2\/types\/product"}],"replies":[{"embeddable":true,"href":"https:\/\/www.cbd-achat.ch\/es\/wp-json\/wp\/v2\/comments?post=8663"}],"wp:featuredmedia":[{"embeddable":true,"href":"https:\/\/www.cbd-achat.ch\/es\/wp-json\/wp\/v2\/media\/8662"}],"wp:attachment":[{"href":"https:\/\/www.cbd-achat.ch\/es\/wp-json\/wp\/v2\/media?parent=8663"}],"wp:term":[{"taxonomy":"product_cat","embeddable":true,"href":"https:\/\/www.cbd-achat.ch\/es\/wp-json\/wp\/v2\/product_cat?post=8663"},{"taxonomy":"product_tag","embeddable":true,"href":"https:\/\/www.cbd-achat.ch\/es\/wp-json\/wp\/v2\/product_tag?post=8663"}],"curies":[{"name":"wp","href":"https:\/\/api.w.org\/{rel}","templated":true}]}}