{"id":8986,"date":"2019-05-25T07:31:02","date_gmt":"2019-05-25T05:31:02","guid":{"rendered":"https:\/\/www.cbd-achat.ch\/produit\/greengo-filtertips-box\/"},"modified":"2019-05-25T07:31:02","modified_gmt":"2019-05-25T05:31:02","slug":"greengo-filtertips-box","status":"publish","type":"product","link":"https:\/\/www.cbd-achat.ch\/es\/produit\/greengo-filtertips-box\/","title":{"rendered":"Greengo Filtertips Box"},"content":{"rendered":"<\/p>\n<p>Greengo Filtertips Box<\/p>\n<p>Ce que les autres marques n&#8217;osent pas faire, Greengo le r\u00e9alise pour vous: Les filtres Greengo sont les meilleurs filtres 100% non chlor\u00e9.<\/p>\n<p>Les filtres Greengo sont de merveilleux filtres fabriqu\u00e9 \u00e0 100% en papier recycl\u00e9, et r\u00e9ellement non blanchis. Ces filtres de 140 grammes\/m\u00b2 sont une nouveaut\u00e9 de la gamme de produits Greengo.<\/p>\n<p>Les filtres Greengo sont fabriqu\u00e9s en pulpe de papier recycl\u00e9<br \/>  Les filtres Greengo sont d&#8217;un grammage 140gr\/m\u00b2<br \/>  L&#8217;emballage est \u00e9galement en papier recycl\u00e9 de 200gr\/m\u00b2. Meilleur pour l&#8217;environnement !!!!<\/p>\n<p>Contrenu\u00a0Greengo Filtertips Box<br \/>  50 livrets de filtres<br \/>  50 filtres par carnet<br \/>  Grammage de 140gr\/m\u00b2<br \/>  Dimension 60x20mm<\/p>\n<p>  \u00a0<\/p>\n","protected":false},"excerpt":{"rendered":"<p>Greengo Filtertips Box Ce que les autres marques n&#8217;osent pas faire, Greengo le r\u00e9alise pour vous: Les filtres Greengo sont les meilleurs filtres 100% non chlor\u00e9. Les filtres Greengo sont de merveilleux filtres fabriqu\u00e9 \u00e0 100% en papier recycl\u00e9, et r\u00e9ellement non blanchis. Ces filtres de 140 grammes\/m\u00b2 sont une [&hellip;]<\/p>\n","protected":false},"featured_media":8984,"comment_status":"open","ping_status":"closed","template":"","meta":[],"product_cat":[300],"product_tag":[533,531,526,528,522,523,525,524,532,521,534,527,529,530],"_links":{"self":[{"href":"https:\/\/www.cbd-achat.ch\/es\/wp-json\/wp\/v2\/product\/8986"}],"collection":[{"href":"https:\/\/www.cbd-achat.ch\/es\/wp-json\/wp\/v2\/product"}],"about":[{"href":"https:\/\/www.cbd-achat.ch\/es\/wp-json\/wp\/v2\/types\/product"}],"replies":[{"embeddable":true,"href":"https:\/\/www.cbd-achat.ch\/es\/wp-json\/wp\/v2\/comments?post=8986"}],"wp:featuredmedia":[{"embeddable":true,"href":"https:\/\/www.cbd-achat.ch\/es\/wp-json\/wp\/v2\/media\/8984"}],"wp:attachment":[{"href":"https:\/\/www.cbd-achat.ch\/es\/wp-json\/wp\/v2\/media?parent=8986"}],"wp:term":[{"taxonomy":"product_cat","embeddable":true,"href":"https:\/\/www.cbd-achat.ch\/es\/wp-json\/wp\/v2\/product_cat?post=8986"},{"taxonomy":"product_tag","embeddable":true,"href":"https:\/\/www.cbd-achat.ch\/es\/wp-json\/wp\/v2\/product_tag?post=8986"}],"curies":[{"name":"wp","href":"https:\/\/api.w.org\/{rel}","templated":true}]}}