{"id":8989,"date":"2019-05-25T07:31:02","date_gmt":"2019-05-25T05:31:02","guid":{"rendered":"https:\/\/www.cbd-achat.ch\/produit\/jilter\/"},"modified":"2019-05-25T07:31:02","modified_gmt":"2019-05-25T05:31:02","slug":"jilter","status":"publish","type":"product","link":"https:\/\/www.cbd-achat.ch\/es\/produit\/jilter\/","title":{"rendered":"Jilter"},"content":{"rendered":"<\/p>\n<p>Jilter\u00a0<\/p>\n<p>  Un paquet contient 42 filtres.<\/p>\n<p>  Jilter a \u00e9t\u00e9 d\u00e9velopp\u00e9 comme filtre \u00e0 rouler sp\u00e9cial \u00e0 diminuer le goudron et la nicotine et pr\u00e9venir la coloration des dents et les caries. L&#8217;utilisation de Jilter est tr\u00e8s simple, simplement mettre le filtre carton dans le Jilter, et puis le\u00a0filtre en carton et l&#8217;embout du Jilter forment une unit\u00e9 compacte, ce qui rend plus facile de\u00a0rouler des cigarettes.<\/p>\n<p>  Finis les morceaux\u00a0de tabac dans la bouche!!!<br \/>  \u00a0<\/p>\n","protected":false},"excerpt":{"rendered":"<p>Jilter\u00a0 Un paquet contient 42 filtres. Jilter a \u00e9t\u00e9 d\u00e9velopp\u00e9 comme filtre \u00e0 rouler sp\u00e9cial \u00e0 diminuer le goudron et la nicotine et pr\u00e9venir la coloration des dents et les caries. L&#8217;utilisation de Jilter est tr\u00e8s simple, simplement mettre le filtre carton dans le Jilter, et puis le\u00a0filtre en carton [&hellip;]<\/p>\n","protected":false},"featured_media":8987,"comment_status":"open","ping_status":"closed","template":"","meta":[],"product_cat":[300],"product_tag":[533,531,526,528,522,523,525,524,532,521,534,527,529,530],"_links":{"self":[{"href":"https:\/\/www.cbd-achat.ch\/es\/wp-json\/wp\/v2\/product\/8989"}],"collection":[{"href":"https:\/\/www.cbd-achat.ch\/es\/wp-json\/wp\/v2\/product"}],"about":[{"href":"https:\/\/www.cbd-achat.ch\/es\/wp-json\/wp\/v2\/types\/product"}],"replies":[{"embeddable":true,"href":"https:\/\/www.cbd-achat.ch\/es\/wp-json\/wp\/v2\/comments?post=8989"}],"wp:featuredmedia":[{"embeddable":true,"href":"https:\/\/www.cbd-achat.ch\/es\/wp-json\/wp\/v2\/media\/8987"}],"wp:attachment":[{"href":"https:\/\/www.cbd-achat.ch\/es\/wp-json\/wp\/v2\/media?parent=8989"}],"wp:term":[{"taxonomy":"product_cat","embeddable":true,"href":"https:\/\/www.cbd-achat.ch\/es\/wp-json\/wp\/v2\/product_cat?post=8989"},{"taxonomy":"product_tag","embeddable":true,"href":"https:\/\/www.cbd-achat.ch\/es\/wp-json\/wp\/v2\/product_tag?post=8989"}],"curies":[{"name":"wp","href":"https:\/\/api.w.org\/{rel}","templated":true}]}}