{"id":9043,"date":"2019-05-25T07:31:02","date_gmt":"2019-05-25T05:31:02","guid":{"rendered":"https:\/\/www.cbd-achat.ch\/produit\/grinder-alu-4-parts-50mm-by-greengo\/"},"modified":"2019-05-25T07:31:02","modified_gmt":"2019-05-25T05:31:02","slug":"grinder-alu-4-parts-50mm-by-greengo","status":"publish","type":"product","link":"https:\/\/www.cbd-achat.ch\/es\/produit\/grinder-alu-4-parts-50mm-by-greengo\/","title":{"rendered":"Grinder Alu 4 parts ? 50mm by Greengo"},"content":{"rendered":"<\/p>\n<p>Grinder Alu 4 parts \u2205 50mm by Greengo<\/p>\n<p>  Les grinders Greengo sont r\u00e9put\u00e9s pour leur qualit\u00e9 de fabrication. Reconnue par les\u00a0fumeurs exp\u00e9riment\u00e9s des Pays-Bas, ils sont\u00a0enfin disponible en Suisse. Reconnaissable \u00e0 sa gravure &#8220;Greengo&#8221;, ce grinder compos\u00e9 de 4\u00a0parties en aluminium aux finitions soign\u00e9es, broie finement votre\u00a0tabac m\u00eame le plus compact. M\u00e9tal de qualit\u00e9 sup\u00e9rieure, qui contrairement \u00e0 la plupart des grinders m\u00e9talliques, ne laisse pas de fines particules de m\u00e9tal dans votre mixture.\u00a0<\/p>\n<p>  Solide,et durable, c&#8217;est un r\u00e9el plaisir de pouvoir disposer d&#8217;un accessoire \u00e0 la fois efficace et au design haut de gamme.<br \/>  Tous les grinders Greengo sont livr\u00e9s dans\u00a0une \u00e9l\u00e9gante\u00a0pochette\u00a0en velours qui prot\u00e8ge de la poussi\u00e8re et des rayures.<\/p>\n<p>  Diam\u00e8tre ext\u00e9rieur : \u00a050\u00a0mm<br \/>  Diam\u00e8tre int\u00e9rieur : 44\u00a0mm<br \/>  Hauteur : 41 mm<\/p>\n<p>Couleur : vert<br \/>  Coupe : 9 + 16 dents losange<br \/>  Finesse : 3mm x 15 trous<br \/>  Assemblage : partie 1\/2 magn\u00e9tique ; \u00a02\/3 et 3\/4 d\u00e9vissables<br \/>  Accessoires : \u00a0raclette et sachoche velours de protection<br \/>  \u00a0<\/p>\n","protected":false},"excerpt":{"rendered":"<p>Grinder Alu 4 parts \u2205 50mm by Greengo Les grinders Greengo sont r\u00e9put\u00e9s pour leur qualit\u00e9 de fabrication. Reconnue par les\u00a0fumeurs exp\u00e9riment\u00e9s des Pays-Bas, ils sont\u00a0enfin disponible en Suisse. Reconnaissable \u00e0 sa gravure &#8220;Greengo&#8221;, ce grinder compos\u00e9 de 4\u00a0parties en aluminium aux finitions soign\u00e9es, broie finement votre\u00a0tabac m\u00eame le plus [&hellip;]<\/p>\n","protected":false},"featured_media":9042,"comment_status":"open","ping_status":"closed","template":"","meta":[],"product_cat":[142],"product_tag":[533,531,526,528,522,523,525,524,532,521,534,527,529,530],"_links":{"self":[{"href":"https:\/\/www.cbd-achat.ch\/es\/wp-json\/wp\/v2\/product\/9043"}],"collection":[{"href":"https:\/\/www.cbd-achat.ch\/es\/wp-json\/wp\/v2\/product"}],"about":[{"href":"https:\/\/www.cbd-achat.ch\/es\/wp-json\/wp\/v2\/types\/product"}],"replies":[{"embeddable":true,"href":"https:\/\/www.cbd-achat.ch\/es\/wp-json\/wp\/v2\/comments?post=9043"}],"wp:featuredmedia":[{"embeddable":true,"href":"https:\/\/www.cbd-achat.ch\/es\/wp-json\/wp\/v2\/media\/9042"}],"wp:attachment":[{"href":"https:\/\/www.cbd-achat.ch\/es\/wp-json\/wp\/v2\/media?parent=9043"}],"wp:term":[{"taxonomy":"product_cat","embeddable":true,"href":"https:\/\/www.cbd-achat.ch\/es\/wp-json\/wp\/v2\/product_cat?post=9043"},{"taxonomy":"product_tag","embeddable":true,"href":"https:\/\/www.cbd-achat.ch\/es\/wp-json\/wp\/v2\/product_tag?post=9043"}],"curies":[{"name":"wp","href":"https:\/\/api.w.org\/{rel}","templated":true}]}}