{"id":9321,"date":"2019-05-25T07:31:02","date_gmt":"2019-05-25T05:31:02","guid":{"rendered":"https:\/\/www.cbd-achat.ch\/produit\/cannabis-medical-edition-complete\/"},"modified":"2019-05-25T07:31:02","modified_gmt":"2019-05-25T05:31:02","slug":"cannabis-medical-edition-complete","status":"publish","type":"product","link":"https:\/\/www.cbd-achat.ch\/es\/produit\/cannabis-medical-edition-complete\/","title":{"rendered":"Cannabis Medical Edition compl\u00e8te"},"content":{"rendered":"<\/p>\n<p>Cannabis Medical Edition compl\u00e8te<\/p>\n<p>  Du chanvre indien aux cannabino\u00efdes de synth\u00e8se<\/p>\n<p>  \u00c0 l&#8217;heure o\u00f9 un nombre croissant d&#8217;\u00c9tats autorise les patients \u00e0 utiliser le cannabis pour se soigner, ce livre unique en son genre, \u00e9crit par les plus grands sp\u00e9cialistes internationaux, r\u00e9pond aux questions les plus fr\u00e9quemment pos\u00e9es.<\/p>\n<p>  Quelles affections peuvent \u00eatre soulag\u00e9es, ou m\u00eame gu\u00e9ries, par la marijuana ?<br \/>  De quelles fa\u00e7ons absorbe-t-on ce rem\u00e8de hors normes ?<br \/>  Quels sont, dans diff\u00e9rents pays, les lieux o\u00f9 s&#8217;approvisionner l\u00e9galement ?<br \/>  Comment le cultiver le cas \u00e9ch\u00e9ant ?<br \/>  Quelles sont les vertus m\u00e9dicinales respectives du THC et du CBD ?<br \/>  Quelle est la l\u00e9gislation dans diff\u00e9rentes parties du monde ? Quels sont les m\u00e9dicaments d\u00e9riv\u00e9s du cannabis disponibles aujourd&#8217;hui ?<br \/>  O\u00f9 en est la recherche ?<br \/>  Quid des cannabino\u00efdes synth\u00e9tiques ?<\/p>\n<p>  Bilan des pratiques qui entourent le chanvre th\u00e9rapeutique, ce livre richement illustr\u00e9 aide \u00e9galement \u00e0 comprendre le ph\u00e9nom\u00e8ne du \u00ab cannabis moderne \u00bb qui pousse fr\u00e9quemment en int\u00e9rieur, sous lumi\u00e8re artificielle. Il permet de mieux saisir pourquoi celui-ci remplace de plus en plus souvent les produits autrefois import\u00e9s de pays traditionnellement producteurs.<br \/>  Alliant rigueur et humour, il \u00e9claire d&#8217;un jour nouveau les enjeux qui entourent cette plante complexe, Cannabis sativa L.<br \/>  Ce livre comporte \u00e9galement un annuaire professionnel remis \u00e0 jour chaque ann\u00e9e, le CannaScope, qui recense les adresses, les sites Web, les salons, les festivals et plus de 350 contacts professionnels<\/p>\n<p>  Michka &amp; Collectif &#8211;\u00a0Mama\u00a0Edition<\/p>\n","protected":false},"excerpt":{"rendered":"<p>Cannabis Medical Edition compl\u00e8te Du chanvre indien aux cannabino\u00efdes de synth\u00e8se \u00c0 l&#8217;heure o\u00f9 un nombre croissant d&#8217;\u00c9tats autorise les patients \u00e0 utiliser le cannabis pour se soigner, ce livre unique en son genre, \u00e9crit par les plus grands sp\u00e9cialistes internationaux, r\u00e9pond aux questions les plus fr\u00e9quemment pos\u00e9es. Quelles affections [&hellip;]<\/p>\n","protected":false},"featured_media":9320,"comment_status":"open","ping_status":"closed","template":"","meta":[],"product_cat":[312],"product_tag":[533,531,526,528,522,523,525,524,532,521,534,527,529,530],"_links":{"self":[{"href":"https:\/\/www.cbd-achat.ch\/es\/wp-json\/wp\/v2\/product\/9321"}],"collection":[{"href":"https:\/\/www.cbd-achat.ch\/es\/wp-json\/wp\/v2\/product"}],"about":[{"href":"https:\/\/www.cbd-achat.ch\/es\/wp-json\/wp\/v2\/types\/product"}],"replies":[{"embeddable":true,"href":"https:\/\/www.cbd-achat.ch\/es\/wp-json\/wp\/v2\/comments?post=9321"}],"wp:featuredmedia":[{"embeddable":true,"href":"https:\/\/www.cbd-achat.ch\/es\/wp-json\/wp\/v2\/media\/9320"}],"wp:attachment":[{"href":"https:\/\/www.cbd-achat.ch\/es\/wp-json\/wp\/v2\/media?parent=9321"}],"wp:term":[{"taxonomy":"product_cat","embeddable":true,"href":"https:\/\/www.cbd-achat.ch\/es\/wp-json\/wp\/v2\/product_cat?post=9321"},{"taxonomy":"product_tag","embeddable":true,"href":"https:\/\/www.cbd-achat.ch\/es\/wp-json\/wp\/v2\/product_tag?post=9321"}],"curies":[{"name":"wp","href":"https:\/\/api.w.org\/{rel}","templated":true}]}}